{"id":101,"date":"2025-07-20T17:54:56","date_gmt":"2025-07-20T17:54:56","guid":{"rendered":"https:\/\/wordpress.awh-recht.de\/?page_id=101"},"modified":"2025-09-25T08:00:33","modified_gmt":"2025-09-25T08:00:33","slug":"scheidung","status":"publish","type":"page","link":"https:\/\/awh-recht.de\/?page_id=101","title":{"rendered":"Scheidung"},"content":{"rendered":"\n<div class=\"wp-block-uagb-container uag-hide-tab uag-hide-mob uagb-block-1a2a6e6f alignfull uagb-is-root-container\">\n<div style=\"height:550px\" aria-hidden=\"true\" class=\"wp-block-spacer\"><\/div>\n<\/div>\n\n\n<style>.kadence-column101_4620bf-32 > .kt-inside-inner-col{display:flex;}.kadence-column101_4620bf-32{max-width:100%;margin-left:auto;margin-right:auto;}.wp-block-kadence-column.kb-section-dir-horizontal:not(.kb-section-md-dir-vertical)>.kt-inside-inner-col>.kadence-column101_4620bf-32{-webkit-flex:0 1 100%;flex:0 1 100%;max-width:unset;margin-left:unset;margin-right:unset;}#wrapper.site{overflow:clip;}.kadence-column101_4620bf-32 > .kt-inside-inner-col{border-top:2px solid var(--ast-global-color-2);}.kadence-column101_4620bf-32 > .kt-inside-inner-col,.kadence-column101_4620bf-32 > .kt-inside-inner-col:before{border-top-left-radius:0px;border-top-right-radius:0px;border-bottom-right-radius:0px;border-bottom-left-radius:0px;}.kadence-column101_4620bf-32 > .kt-inside-inner-col{column-gap:var(--global-kb-gap-sm, 1rem);}.kadence-column101_4620bf-32 > .kt-inside-inner-col{flex-direction:column;align-items:center;}.kadence-column101_4620bf-32 > .kt-inside-inner-col > .kb-image-is-ratio-size{align-self:stretch;}.kadence-column101_4620bf-32 > .kt-inside-inner-col > .wp-block-kadence-advancedgallery{align-self:stretch;}.kadence-column101_4620bf-32 > .kt-inside-inner-col > .aligncenter{width:100%;}.kadence-column101_4620bf-32 > .kt-inside-inner-col:before{opacity:0.3;mix-blend-mode:overlay;}.kadence-column101_4620bf-32{position:relative;}@media all and (min-width: 1025px){.wp-block-kadence-column.kb-section-dir-horizontal>.kt-inside-inner-col>.kadence-column101_4620bf-32{-webkit-flex:0 1 100%;flex:0 1 100%;max-width:unset;margin-left:unset;margin-right:unset;}}@media all and (max-width: 1024px){.kadence-column101_4620bf-32 > .kt-inside-inner-col{border-top:2px solid var(--ast-global-color-2);flex-direction:column;justify-content:center;align-items:center;}}@media all and (max-width: 767px){.kadence-column101_4620bf-32 > .kt-inside-inner-col{border-top:2px solid var(--ast-global-color-2);flex-direction:column;justify-content:center;align-items:center;}.wp-block-kadence-column.kb-section-sm-dir-vertical:not(.kb-section-sm-dir-horizontal):not(.kb-section-sm-dir-specificity)>.kt-inside-inner-col>.kadence-column101_4620bf-32{max-width:100%;-webkit-flex:1;flex:1;margin-left:auto;margin-right:auto;}}.fixed-hintergrund {  background-image: url('https:\/\/deine-seite.de\/wp-content\/uploads\/dein-bild.jpg');  background-attachment: fixed;  background-position: center;  background-repeat: no-repeat;  background-size: cover;  padding: 100px 20px; \/* Beispiel f\u00fcr Innenabstand *\/  color: white; \/* F\u00fcr Kontrast, wenn n\u00f6tig *\/}<\/style>\n<div class=\"wp-block-kadence-column kadence-column101_4620bf-32 kb-section-is-sticky\"><div class=\"kt-inside-inner-col\">\n<header class=\"wp-block-uagb-advanced-heading uagb-block-e960ac86\"><h2 class=\"uagb-heading-text\">&nbsp;<br>Termin vereinbaren<\/h2><\/header>\n\n\n\n<h4 class=\"wp-block-heading\">Montag bis Donnerstag von 07:00 Uhr bis 16:00 Uhr | <a href=\"tel:0049262290870\" data-type=\"tel\" data-id=\"tel:0049262290870\">02622 \/ 90 87 &#8211; 0<\/a><\/h4>\n\n\n\n<div style=\"height:20px\" aria-hidden=\"true\" class=\"wp-block-spacer\"><\/div>\n\n\n\n<p><\/p>\n\n\n\n<hr class=\"wp-block-separator has-alpha-channel-opacity is-style-wide\" style=\"margin-top:0;margin-bottom:0\"\/>\n\n\n\n<div class=\"wp-block-columns is-layout-flex wp-container-core-columns-is-layout-28f84493 wp-block-columns-is-layout-flex\" style=\"border-top-color:var(--wp--preset--color--ast-global-color-2);border-top-width:2px\">\n<div class=\"wp-block-column is-layout-flow wp-block-column-is-layout-flow\">\n<div style=\"height:25px\" aria-hidden=\"true\" class=\"wp-block-spacer\"><\/div>\n\n\n<style>.kb-image101_47f38e-18.kb-image-is-ratio-size, .kb-image101_47f38e-18 .kb-image-is-ratio-size{max-width:472px;width:100%;}.wp-block-kadence-column > .kt-inside-inner-col > .kb-image101_47f38e-18.kb-image-is-ratio-size, .wp-block-kadence-column > .kt-inside-inner-col > .kb-image101_47f38e-18 .kb-image-is-ratio-size{align-self:unset;}.kb-image101_47f38e-18{max-width:472px;}.image-is-svg.kb-image101_47f38e-18{-webkit-flex:0 1 100%;flex:0 1 100%;}.image-is-svg.kb-image101_47f38e-18 img{width:100%;}.kb-image101_47f38e-18 .kb-image-has-overlay:after{opacity:0.3;}<\/style>\n<figure class=\"wp-block-kadence-image kb-image101_47f38e-18 size-full\"><img loading=\"lazy\" decoding=\"async\" width=\"480\" height=\"360\" src=\"https:\/\/wordpress.awh-recht.de\/wp-content\/uploads\/2025\/07\/Scheidung1.jpg\" alt=\"\" class=\"kb-img wp-image-293\" srcset=\"https:\/\/awh-recht.de\/wp-content\/uploads\/2025\/07\/Scheidung1.jpg 480w, https:\/\/awh-recht.de\/wp-content\/uploads\/2025\/07\/Scheidung1-300x225.jpg 300w\" sizes=\"auto, (max-width: 480px) 100vw, 480px\" \/><\/figure>\n\n\n<style>.wp-block-kadence-spacer.kt-block-spacer-101_acc4ce-92 .kt-block-spacer{height:25px;}.wp-block-kadence-spacer.kt-block-spacer-101_acc4ce-92 .kt-divider{border-top-width:1px;height:1px;border-top-color:#eee;width:80%;border-top-style:solid;}<\/style>\n<div class=\"wp-block-kadence-spacer aligncenter kt-block-spacer-101_acc4ce-92 kvs-sm-false\"><div class=\"kt-block-spacer kt-block-spacer-halign-center\"><\/div><\/div>\n<\/div>\n\n\n\n<div class=\"wp-block-column is-layout-flow wp-block-column-is-layout-flow\"><style>.wp-block-kadence-spacer.kt-block-spacer-101_f70ee9-1c .kt-block-spacer{height:25px;}.wp-block-kadence-spacer.kt-block-spacer-101_f70ee9-1c .kt-divider{border-top-width:1px;height:1px;border-top-color:#eee;width:80%;border-top-style:solid;}<\/style>\n<div class=\"wp-block-kadence-spacer aligncenter kt-block-spacer-101_f70ee9-1c kvs-sm-false\"><div class=\"kt-block-spacer kt-block-spacer-halign-center\"><\/div><\/div>\n\n\n\n<h2 class=\"wp-block-heading\"><strong>Wir machen uns stark f\u00fcr Sie.<\/strong><\/h2>\n\n\n\n<p>Ihr Familienrecht wird von uns sicher umgesetzt. Unsere jahrzehntelange Erfahrung und die gute Vernetzung mit Steuerberatern und Notaren bringen Ihnen entscheidende Vorteile. Wir haben guten Kontakt zu Jugend\u00e4mtern und Gerichten.<\/p>\n\n\n\n<div style=\"height:25px\" aria-hidden=\"true\" class=\"wp-block-spacer\"><\/div>\n<\/div>\n<\/div>\n\n\n\n<div class=\"wp-block-columns is-layout-flex wp-container-core-columns-is-layout-28f84493 wp-block-columns-is-layout-flex\" style=\"border-top-color:var(--wp--preset--color--ast-global-color-2);border-top-width:2px\">\n<div class=\"wp-block-column is-layout-flow wp-block-column-is-layout-flow\">\n<div style=\"height:25px\" aria-hidden=\"true\" class=\"wp-block-spacer\"><\/div>\n\n\n\n<h2 class=\"wp-block-heading\">Damit Sie planen k\u00f6nnen &#8211; auch langfristig &#8211; schaffen wir umfassende L\u00f6sungen.<\/h2>\n\n\n\n<p>Im Fall der Scheidung stehen viele Fragen im Raum. Wir geben Antworten zur Unterhaltsh\u00f6he, Verm\u00f6gensaufteilung, Umgang, Sorgerecht. Wir unterst\u00fctzen Sie bei der Erstellung von Ehevertr\u00e4gen.<\/p>\n\n\n<style>.wp-block-kadence-spacer.kt-block-spacer-101_dcd02b-9d .kt-block-spacer{height:25px;}.wp-block-kadence-spacer.kt-block-spacer-101_dcd02b-9d .kt-divider{border-top-width:1px;height:1px;border-top-color:#eee;width:80%;border-top-style:solid;}<\/style>\n<div class=\"wp-block-kadence-spacer aligncenter kt-block-spacer-101_dcd02b-9d kvs-sm-false\"><div class=\"kt-block-spacer kt-block-spacer-halign-center\"><\/div><\/div>\n<\/div>\n\n\n\n<div class=\"wp-block-column is-layout-flow wp-block-column-is-layout-flow\"><style>.wp-block-kadence-spacer.kt-block-spacer-101_205a63-c1 .kt-block-spacer{height:25px;}.wp-block-kadence-spacer.kt-block-spacer-101_205a63-c1 .kt-divider{border-top-width:1px;height:1px;border-top-color:#eee;width:80%;border-top-style:solid;}<\/style>\n<div class=\"wp-block-kadence-spacer aligncenter kt-block-spacer-101_205a63-c1 kvs-sm-false\"><div class=\"kt-block-spacer kt-block-spacer-halign-center\"><\/div><\/div>\n\n\n<style>.kb-image101_b78924-c6.kb-image-is-ratio-size, .kb-image101_b78924-c6 .kb-image-is-ratio-size{max-width:472px;width:100%;}.wp-block-kadence-column > .kt-inside-inner-col > .kb-image101_b78924-c6.kb-image-is-ratio-size, .wp-block-kadence-column > .kt-inside-inner-col > .kb-image101_b78924-c6 .kb-image-is-ratio-size{align-self:unset;}.kb-image101_b78924-c6 figure{max-width:472px;}.kb-image101_b78924-c6 .image-is-svg, .kb-image101_b78924-c6 .image-is-svg img{width:100%;}.kb-image101_b78924-c6 .kb-image-has-overlay:after{opacity:0.3;}<\/style>\n<div class=\"wp-block-kadence-image kb-image101_b78924-c6\"><figure class=\"alignright size-full\"><img loading=\"lazy\" decoding=\"async\" width=\"480\" height=\"360\" src=\"https:\/\/wordpress.awh-recht.de\/wp-content\/uploads\/2025\/07\/Scheidung2.jpg\" alt=\"\" class=\"kb-img wp-image-294\" srcset=\"https:\/\/awh-recht.de\/wp-content\/uploads\/2025\/07\/Scheidung2.jpg 480w, https:\/\/awh-recht.de\/wp-content\/uploads\/2025\/07\/Scheidung2-300x225.jpg 300w\" sizes=\"auto, (max-width: 480px) 100vw, 480px\" \/><\/figure><\/div>\n\n\n\n<div style=\"height:25px\" aria-hidden=\"true\" class=\"wp-block-spacer\"><\/div>\n<\/div>\n<\/div>\n\n\n\n<div class=\"wp-block-columns is-layout-flex wp-container-core-columns-is-layout-28f84493 wp-block-columns-is-layout-flex\" style=\"border-top-color:var(--wp--preset--color--ast-global-color-2);border-top-width:2px;border-bottom-color:var(--wp--preset--color--ast-global-color-2);border-bottom-width:2px\">\n<div class=\"wp-block-column is-layout-flow wp-block-column-is-layout-flow\">\n<div style=\"height:25px\" aria-hidden=\"true\" class=\"wp-block-spacer\"><\/div>\n\n\n<style>.kb-image101_fab206-12.kb-image-is-ratio-size, .kb-image101_fab206-12 .kb-image-is-ratio-size{max-width:472px;width:100%;}.wp-block-kadence-column > .kt-inside-inner-col > .kb-image101_fab206-12.kb-image-is-ratio-size, .wp-block-kadence-column > .kt-inside-inner-col > .kb-image101_fab206-12 .kb-image-is-ratio-size{align-self:unset;}.kb-image101_fab206-12{max-width:472px;}.image-is-svg.kb-image101_fab206-12{-webkit-flex:0 1 100%;flex:0 1 100%;}.image-is-svg.kb-image101_fab206-12 img{width:100%;}.kb-image101_fab206-12 .kb-image-has-overlay:after{opacity:0.3;}<\/style>\n<figure class=\"wp-block-kadence-image kb-image101_fab206-12 size-full\"><img loading=\"lazy\" decoding=\"async\" width=\"480\" height=\"360\" src=\"https:\/\/wordpress.awh-recht.de\/wp-content\/uploads\/2025\/07\/Scheidung3.jpg\" alt=\"\" class=\"kb-img wp-image-295\" srcset=\"https:\/\/awh-recht.de\/wp-content\/uploads\/2025\/07\/Scheidung3.jpg 480w, https:\/\/awh-recht.de\/wp-content\/uploads\/2025\/07\/Scheidung3-300x225.jpg 300w\" sizes=\"auto, (max-width: 480px) 100vw, 480px\" \/><\/figure>\n\n\n<style>.wp-block-kadence-spacer.kt-block-spacer-101_59334d-86 .kt-block-spacer{height:25px;}.wp-block-kadence-spacer.kt-block-spacer-101_59334d-86 .kt-divider{border-top-width:1px;height:1px;border-top-color:#eee;width:80%;border-top-style:solid;}<\/style>\n<div class=\"wp-block-kadence-spacer aligncenter kt-block-spacer-101_59334d-86 kvs-sm-false\"><div class=\"kt-block-spacer kt-block-spacer-halign-center\"><\/div><\/div>\n<\/div>\n\n\n\n<div class=\"wp-block-column is-layout-flow wp-block-column-is-layout-flow\" style=\"border-bottom-style:none;border-bottom-width:0px\"><style>.wp-block-kadence-spacer.kt-block-spacer-101_b46190-0c .kt-block-spacer{height:25px;}.wp-block-kadence-spacer.kt-block-spacer-101_b46190-0c .kt-divider{border-top-width:1px;height:1px;border-top-color:#eee;width:80%;border-top-style:solid;}<\/style>\n<div class=\"wp-block-kadence-spacer aligncenter kt-block-spacer-101_b46190-0c kvs-sm-false\"><div class=\"kt-block-spacer kt-block-spacer-halign-center\"><\/div><\/div>\n\n\n\n<h2 class=\"wp-block-heading\"><strong>Bei uns sind Sie auch Mensch.<\/strong><\/h2>\n\n\n\n<p>Die zentralen Einschnitte in Ihrem Leben bewegen Sie und uns. Guten Rat gibt es bei uns, schnell unkompliziert, zuverl\u00e4ssig. Wir sind Montag bis Donnerstag von 07:00 Uhr bis 16:00 Uhr erreichbar.<\/p>\n\n\n\n<div style=\"height:25px\" aria-hidden=\"true\" class=\"wp-block-spacer\"><\/div>\n<\/div>\n<\/div>\n<\/div><\/div>\n\n\n<style>.wp-block-kadence-spacer.kt-block-spacer-101_75f27a-a8 .kt-block-spacer{height:25px;}.wp-block-kadence-spacer.kt-block-spacer-101_75f27a-a8 .kt-divider{border-top-width:1px;height:1px;border-top-color:#eee;width:80%;border-top-style:solid;}<\/style>\n<div class=\"wp-block-kadence-spacer aligncenter kt-block-spacer-101_75f27a-a8\"><div class=\"kt-block-spacer kt-block-spacer-halign-center\"><\/div><\/div>\n\n\n\n<h2 class=\"wp-block-heading has-text-align-center\">Lernen Sie uns einfach bei einer <a href=\"tel:0262290870\">Erstberatung<\/a> kennen. Termine bieten wir schnell und flexibel an.<\/h2>\n\n\n<style>.wp-block-kadence-spacer.kt-block-spacer-101_6948e3-92 .kt-block-spacer{height:25px;}.wp-block-kadence-spacer.kt-block-spacer-101_6948e3-92 .kt-divider{border-top-width:1px;height:1px;border-top-color:#eee;width:80%;border-top-style:solid;}<\/style>\n<div class=\"wp-block-kadence-spacer aligncenter kt-block-spacer-101_6948e3-92\"><div class=\"kt-block-spacer kt-block-spacer-halign-center\"><\/div><\/div>\n","protected":false},"excerpt":{"rendered":"<p>&nbsp;Termin vereinbaren Montag bis Donnerstag von 07:00 Uhr bis 16:00 Uhr | 02622 \/ 90 87 &#8211; 0 Wir machen [&hellip;]<\/p>\n","protected":false},"author":1,"featured_media":0,"parent":0,"menu_order":0,"comment_status":"closed","ping_status":"closed","template":"","meta":{"_uag_custom_page_level_css":"","site-sidebar-layout":"default","site-content-layout":"","ast-site-content-layout":"default","site-content-style":"default","site-sidebar-style":"default","ast-global-header-display":"","ast-banner-title-visibility":"","ast-main-header-display":"","ast-hfb-above-header-display":"","ast-hfb-below-header-display":"","ast-hfb-mobile-header-display":"","site-post-title":"disabled","ast-breadcrumbs-content":"","ast-featured-img":"","footer-sml-layout":"","ast-disable-related-posts":"","theme-transparent-header-meta":"","adv-header-id-meta":"","stick-header-meta":"","header-above-stick-meta":"","header-main-stick-meta":"","header-below-stick-meta":"","astra-migrate-meta-layouts":"default","ast-page-background-enabled":"default","ast-page-background-meta":{"desktop":{"background-color":"var(--ast-global-color-5)","background-image":"","background-repeat":"repeat","background-position":"center center","background-size":"auto","background-attachment":"scroll","background-type":"","background-media":"","overlay-type":"","overlay-color":"","overlay-opacity":"","overlay-gradient":""},"tablet":{"background-color":"","background-image":"","background-repeat":"repeat","background-position":"center center","background-size":"auto","background-attachment":"scroll","background-type":"","background-media":"","overlay-type":"","overlay-color":"","overlay-opacity":"","overlay-gradient":""},"mobile":{"background-color":"","background-image":"","background-repeat":"repeat","background-position":"center center","background-size":"auto","background-attachment":"scroll","background-type":"","background-media":"","overlay-type":"","overlay-color":"","overlay-opacity":"","overlay-gradient":""}},"ast-content-background-meta":{"desktop":{"background-color":"var(--ast-global-color-4)","background-image":"","background-repeat":"repeat","background-position":"center center","background-size":"auto","background-attachment":"scroll","background-type":"","background-media":"","overlay-type":"","overlay-color":"","overlay-opacity":"","overlay-gradient":""},"tablet":{"background-color":"var(--ast-global-color-4)","background-image":"","background-repeat":"repeat","background-position":"center center","background-size":"auto","background-attachment":"scroll","background-type":"","background-media":"","overlay-type":"","overlay-color":"","overlay-opacity":"","overlay-gradient":""},"mobile":{"background-color":"var(--ast-global-color-4)","background-image":"","background-repeat":"repeat","background-position":"center center","background-size":"auto","background-attachment":"scroll","background-type":"","background-media":"","overlay-type":"","overlay-color":"","overlay-opacity":"","overlay-gradient":""}},"footnotes":""},"class_list":["post-101","page","type-page","status-publish","hentry"],"uagb_featured_image_src":{"full":false,"thumbnail":false,"medium":false,"medium_large":false,"large":false,"1536x1536":false,"2048x2048":false},"uagb_author_info":{"display_name":"admin","author_link":"https:\/\/awh-recht.de\/?author=1"},"uagb_comment_info":0,"uagb_excerpt":"&nbsp;Termin vereinbaren Montag bis Donnerstag von 07:00 Uhr bis 16:00 Uhr | 02622 \/ 90 87 &#8211; 0 Wir machen [&hellip;]","_links":{"self":[{"href":"https:\/\/awh-recht.de\/index.php?rest_route=\/wp\/v2\/pages\/101","targetHints":{"allow":["GET"]}}],"collection":[{"href":"https:\/\/awh-recht.de\/index.php?rest_route=\/wp\/v2\/pages"}],"about":[{"href":"https:\/\/awh-recht.de\/index.php?rest_route=\/wp\/v2\/types\/page"}],"author":[{"embeddable":true,"href":"https:\/\/awh-recht.de\/index.php?rest_route=\/wp\/v2\/users\/1"}],"replies":[{"embeddable":true,"href":"https:\/\/awh-recht.de\/index.php?rest_route=%2Fwp%2Fv2%2Fcomments&post=101"}],"version-history":[{"count":127,"href":"https:\/\/awh-recht.de\/index.php?rest_route=\/wp\/v2\/pages\/101\/revisions"}],"predecessor-version":[{"id":483,"href":"https:\/\/awh-recht.de\/index.php?rest_route=\/wp\/v2\/pages\/101\/revisions\/483"}],"wp:attachment":[{"href":"https:\/\/awh-recht.de\/index.php?rest_route=%2Fwp%2Fv2%2Fmedia&parent=101"}],"curies":[{"name":"wp","href":"https:\/\/api.w.org\/{rel}","templated":true}]}}