{"id":246,"date":"2025-07-22T18:49:43","date_gmt":"2025-07-22T18:49:43","guid":{"rendered":"https:\/\/wordpress.awh-recht.de\/?page_id=246"},"modified":"2025-07-23T15:24:24","modified_gmt":"2025-07-23T15:24:24","slug":"miete","status":"publish","type":"page","link":"https:\/\/awh-recht.de\/?page_id=246","title":{"rendered":"Miete"},"content":{"rendered":"\n<div class=\"wp-block-uagb-container uag-hide-tab uag-hide-mob uagb-block-1a2a6e6f alignfull uagb-is-root-container\">\n<div style=\"height:550px\" aria-hidden=\"true\" class=\"wp-block-spacer\"><\/div>\n<\/div>\n\n\n<style>.kadence-column246_781a59-57 > .kt-inside-inner-col{display:flex;}.kadence-column246_781a59-57{max-width:100%;margin-left:auto;margin-right:auto;}.wp-block-kadence-column.kb-section-dir-horizontal:not(.kb-section-md-dir-vertical)>.kt-inside-inner-col>.kadence-column246_781a59-57{-webkit-flex:0 1 100%;flex:0 1 100%;max-width:unset;margin-left:unset;margin-right:unset;}#wrapper.site{overflow:clip;}.kadence-column246_781a59-57 > .kt-inside-inner-col{border-top:2px solid var(--ast-global-color-2);}.kadence-column246_781a59-57 > .kt-inside-inner-col,.kadence-column246_781a59-57 > .kt-inside-inner-col:before{border-top-left-radius:0px;border-top-right-radius:0px;border-bottom-right-radius:0px;border-bottom-left-radius:0px;}.kadence-column246_781a59-57 > .kt-inside-inner-col{column-gap:var(--global-kb-gap-sm, 1rem);}.kadence-column246_781a59-57 > .kt-inside-inner-col{flex-direction:column;align-items:center;}.kadence-column246_781a59-57 > .kt-inside-inner-col > .kb-image-is-ratio-size{align-self:stretch;}.kadence-column246_781a59-57 > .kt-inside-inner-col > .wp-block-kadence-advancedgallery{align-self:stretch;}.kadence-column246_781a59-57 > .kt-inside-inner-col > .aligncenter{width:100%;}.kadence-column246_781a59-57 > .kt-inside-inner-col:before{opacity:0.3;mix-blend-mode:overlay;}.kadence-column246_781a59-57{position:relative;}@media all and (min-width: 1025px){.wp-block-kadence-column.kb-section-dir-horizontal>.kt-inside-inner-col>.kadence-column246_781a59-57{-webkit-flex:0 1 100%;flex:0 1 100%;max-width:unset;margin-left:unset;margin-right:unset;}}@media all and (max-width: 1024px){.kadence-column246_781a59-57 > .kt-inside-inner-col{border-top:2px solid var(--ast-global-color-2);flex-direction:column;justify-content:center;align-items:center;}}@media all and (max-width: 767px){.kadence-column246_781a59-57 > .kt-inside-inner-col{border-top:2px solid var(--ast-global-color-2);flex-direction:column;justify-content:center;align-items:center;}.wp-block-kadence-column.kb-section-sm-dir-vertical:not(.kb-section-sm-dir-horizontal):not(.kb-section-sm-dir-specificity)>.kt-inside-inner-col>.kadence-column246_781a59-57{max-width:100%;-webkit-flex:1;flex:1;margin-left:auto;margin-right:auto;}}.fixed-hintergrund {  background-image: url('https:\/\/deine-seite.de\/wp-content\/uploads\/dein-bild.jpg');  background-attachment: fixed;  background-position: center;  background-repeat: no-repeat;  background-size: cover;  padding: 100px 20px; \/* Beispiel f\u00fcr Innenabstand *\/  color: white; \/* F\u00fcr Kontrast, wenn n\u00f6tig *\/}<\/style>\n<div class=\"wp-block-kadence-column kadence-column246_781a59-57 kb-section-is-sticky\"><div class=\"kt-inside-inner-col\">\n<header class=\"wp-block-uagb-advanced-heading uagb-block-579e9798\"><h2 class=\"uagb-heading-text\">&nbsp;<br>Termin vereinbaren<\/h2><\/header>\n\n\n\n<h4 class=\"wp-block-heading\">Montag bis Donnerstag von 07:00 Uhr bis 16:00 Uhr | <a href=\"tel:0049262290870\" data-type=\"tel\" data-id=\"tel:0049262290870\">02622 \/ 90 87 &#8211; 0<\/a><\/h4>\n\n\n\n<div style=\"height:20px\" aria-hidden=\"true\" class=\"wp-block-spacer\"><\/div>\n\n\n\n<p><\/p>\n\n\n\n<hr class=\"wp-block-separator has-alpha-channel-opacity is-style-wide\" style=\"margin-top:0;margin-bottom:0\"\/>\n\n\n\n<div class=\"wp-block-columns is-layout-flex wp-container-core-columns-is-layout-28f84493 wp-block-columns-is-layout-flex\" style=\"border-top-color:var(--wp--preset--color--ast-global-color-2);border-top-width:2px\">\n<div class=\"wp-block-column is-layout-flow wp-block-column-is-layout-flow\">\n<div style=\"height:25px\" aria-hidden=\"true\" class=\"wp-block-spacer\"><\/div>\n\n\n<style>.kb-image246_57feae-6f.kb-image-is-ratio-size, .kb-image246_57feae-6f .kb-image-is-ratio-size{max-width:472px;width:100%;}.wp-block-kadence-column > .kt-inside-inner-col > .kb-image246_57feae-6f.kb-image-is-ratio-size, .wp-block-kadence-column > .kt-inside-inner-col > .kb-image246_57feae-6f .kb-image-is-ratio-size{align-self:unset;}.kb-image246_57feae-6f{max-width:472px;}.image-is-svg.kb-image246_57feae-6f{-webkit-flex:0 1 100%;flex:0 1 100%;}.image-is-svg.kb-image246_57feae-6f img{width:100%;}.kb-image246_57feae-6f .kb-image-has-overlay:after{opacity:0.3;}<\/style>\n<figure class=\"wp-block-kadence-image kb-image246_57feae-6f size-full\"><img loading=\"lazy\" decoding=\"async\" width=\"480\" height=\"360\" src=\"https:\/\/wordpress.awh-recht.de\/wp-content\/uploads\/2025\/07\/Miete0.jpg\" alt=\"\" class=\"kb-img wp-image-404\" srcset=\"https:\/\/awh-recht.de\/wp-content\/uploads\/2025\/07\/Miete0.jpg 480w, https:\/\/awh-recht.de\/wp-content\/uploads\/2025\/07\/Miete0-300x225.jpg 300w\" sizes=\"auto, (max-width: 480px) 100vw, 480px\" \/><\/figure>\n\n\n<style>.wp-block-kadence-spacer.kt-block-spacer-246_9eeae8-17 .kt-block-spacer{height:25px;}.wp-block-kadence-spacer.kt-block-spacer-246_9eeae8-17 .kt-divider{border-top-width:1px;height:1px;border-top-color:#eee;width:80%;border-top-style:solid;}<\/style>\n<div class=\"wp-block-kadence-spacer aligncenter kt-block-spacer-246_9eeae8-17 kvs-sm-false\"><div class=\"kt-block-spacer kt-block-spacer-halign-center\"><\/div><\/div>\n<\/div>\n\n\n\n<div class=\"wp-block-column is-layout-flow wp-block-column-is-layout-flow\"><style>.wp-block-kadence-spacer.kt-block-spacer-246_7f1195-aa .kt-block-spacer{height:25px;}.wp-block-kadence-spacer.kt-block-spacer-246_7f1195-aa .kt-divider{border-top-width:1px;height:1px;border-top-color:#eee;width:80%;border-top-style:solid;}<\/style>\n<div class=\"wp-block-kadence-spacer aligncenter kt-block-spacer-246_7f1195-aa kvs-sm-false\"><div class=\"kt-block-spacer kt-block-spacer-halign-center\"><\/div><\/div>\n\n\n\n<h2 class=\"wp-block-heading\"><strong>K\u00fcndigung<\/strong><\/h2>\n\n\n\n<p>Bei K\u00fcndigungen sind stets wesentliche Belange und Interessen betroffen. Unabh\u00e4ngig ob Zahlungsschwierigkeiten, Pflichtverletzungen oder andere K\u00fcndigungsgr\u00fcnde. Wir legen die Schwerpunkte unserer T\u00e4tigkeit ausschlie\u00dflich auf Ihre Interessen und bieten f\u00fcr alle Lebenslagen professionelle L\u00f6sungen mit Rechtssicherheit.<\/p>\n\n\n\n<div style=\"height:25px\" aria-hidden=\"true\" class=\"wp-block-spacer\"><\/div>\n<\/div>\n<\/div>\n\n\n\n<div class=\"wp-block-columns is-layout-flex wp-container-core-columns-is-layout-28f84493 wp-block-columns-is-layout-flex\" style=\"border-top-color:var(--wp--preset--color--ast-global-color-2);border-top-width:2px\">\n<div class=\"wp-block-column is-layout-flow wp-block-column-is-layout-flow\">\n<div style=\"height:25px\" aria-hidden=\"true\" class=\"wp-block-spacer\"><\/div>\n\n\n\n<h2 class=\"wp-block-heading\">Kosten<\/h2>\n\n\n\n<p>Wir verf\u00fcgen \u00fcber jahrzehntelange Erfahrung mit der Berechnung und Pr\u00fcfung von Nebenkosten. Die \u00dcbernahme der Korrespondenz mit allen Beteiligten ist selbstverst\u00e4ndlich.<\/p>\n\n\n<style>.wp-block-kadence-spacer.kt-block-spacer-246_f6d41c-c9 .kt-block-spacer{height:25px;}.wp-block-kadence-spacer.kt-block-spacer-246_f6d41c-c9 .kt-divider{border-top-width:1px;height:1px;border-top-color:#eee;width:80%;border-top-style:solid;}<\/style>\n<div class=\"wp-block-kadence-spacer aligncenter kt-block-spacer-246_f6d41c-c9 kvs-sm-false\"><div class=\"kt-block-spacer kt-block-spacer-halign-center\"><\/div><\/div>\n<\/div>\n\n\n\n<div class=\"wp-block-column is-layout-flow wp-block-column-is-layout-flow\"><style>.wp-block-kadence-spacer.kt-block-spacer-246_e8ef9e-98 .kt-block-spacer{height:25px;}.wp-block-kadence-spacer.kt-block-spacer-246_e8ef9e-98 .kt-divider{border-top-width:1px;height:1px;border-top-color:#eee;width:80%;border-top-style:solid;}<\/style>\n<div class=\"wp-block-kadence-spacer aligncenter kt-block-spacer-246_e8ef9e-98 kvs-sm-false\"><div class=\"kt-block-spacer kt-block-spacer-halign-center\"><\/div><\/div>\n\n\n<style>.kb-image246_7a5807-a4.kb-image-is-ratio-size, .kb-image246_7a5807-a4 .kb-image-is-ratio-size{max-width:472px;width:100%;}.wp-block-kadence-column > .kt-inside-inner-col > .kb-image246_7a5807-a4.kb-image-is-ratio-size, .wp-block-kadence-column > .kt-inside-inner-col > .kb-image246_7a5807-a4 .kb-image-is-ratio-size{align-self:unset;}.kb-image246_7a5807-a4 figure{max-width:472px;}.kb-image246_7a5807-a4 .image-is-svg, .kb-image246_7a5807-a4 .image-is-svg img{width:100%;}.kb-image246_7a5807-a4 .kb-image-has-overlay:after{opacity:0.3;}<\/style>\n<div class=\"wp-block-kadence-image kb-image246_7a5807-a4\"><figure class=\"alignright size-full\"><img loading=\"lazy\" decoding=\"async\" width=\"480\" height=\"360\" src=\"https:\/\/wordpress.awh-recht.de\/wp-content\/uploads\/2025\/07\/Miete1.jpg\" alt=\"\" class=\"kb-img wp-image-405\" srcset=\"https:\/\/awh-recht.de\/wp-content\/uploads\/2025\/07\/Miete1.jpg 480w, https:\/\/awh-recht.de\/wp-content\/uploads\/2025\/07\/Miete1-300x225.jpg 300w\" sizes=\"auto, (max-width: 480px) 100vw, 480px\" \/><\/figure><\/div>\n\n\n\n<div style=\"height:25px\" aria-hidden=\"true\" class=\"wp-block-spacer\"><\/div>\n<\/div>\n<\/div>\n\n\n\n<div class=\"wp-block-columns is-layout-flex wp-container-core-columns-is-layout-28f84493 wp-block-columns-is-layout-flex\" style=\"border-top-color:var(--wp--preset--color--ast-global-color-2);border-top-width:2px;border-bottom-color:var(--wp--preset--color--ast-global-color-2);border-bottom-width:2px\">\n<div class=\"wp-block-column is-layout-flow wp-block-column-is-layout-flow\">\n<div style=\"height:25px\" aria-hidden=\"true\" class=\"wp-block-spacer\"><\/div>\n\n\n<style>.kb-image246_c5993a-da.kb-image-is-ratio-size, .kb-image246_c5993a-da .kb-image-is-ratio-size{max-width:472px;width:100%;}.wp-block-kadence-column > .kt-inside-inner-col > .kb-image246_c5993a-da.kb-image-is-ratio-size, .wp-block-kadence-column > .kt-inside-inner-col > .kb-image246_c5993a-da .kb-image-is-ratio-size{align-self:unset;}.kb-image246_c5993a-da{max-width:472px;}.image-is-svg.kb-image246_c5993a-da{-webkit-flex:0 1 100%;flex:0 1 100%;}.image-is-svg.kb-image246_c5993a-da img{width:100%;}.kb-image246_c5993a-da .kb-image-has-overlay:after{opacity:0.3;}<\/style>\n<figure class=\"wp-block-kadence-image kb-image246_c5993a-da size-full\"><img loading=\"lazy\" decoding=\"async\" width=\"480\" height=\"360\" src=\"https:\/\/wordpress.awh-recht.de\/wp-content\/uploads\/2025\/07\/Miete2.jpg\" alt=\"\" class=\"kb-img wp-image-406\" srcset=\"https:\/\/awh-recht.de\/wp-content\/uploads\/2025\/07\/Miete2.jpg 480w, https:\/\/awh-recht.de\/wp-content\/uploads\/2025\/07\/Miete2-300x225.jpg 300w\" sizes=\"auto, (max-width: 480px) 100vw, 480px\" \/><\/figure>\n\n\n<style>.wp-block-kadence-spacer.kt-block-spacer-246_ce7359-8a .kt-block-spacer{height:25px;}.wp-block-kadence-spacer.kt-block-spacer-246_ce7359-8a .kt-divider{border-top-width:1px;height:1px;border-top-color:#eee;width:80%;border-top-style:solid;}<\/style>\n<div class=\"wp-block-kadence-spacer aligncenter kt-block-spacer-246_ce7359-8a kvs-sm-false\"><div class=\"kt-block-spacer kt-block-spacer-halign-center\"><\/div><\/div>\n<\/div>\n\n\n\n<div class=\"wp-block-column is-layout-flow wp-block-column-is-layout-flow\" style=\"border-bottom-style:none;border-bottom-width:0px\"><style>.wp-block-kadence-spacer.kt-block-spacer-246_739506-7c .kt-block-spacer{height:25px;}.wp-block-kadence-spacer.kt-block-spacer-246_739506-7c .kt-divider{border-top-width:1px;height:1px;border-top-color:#eee;width:80%;border-top-style:solid;}<\/style>\n<div class=\"wp-block-kadence-spacer aligncenter kt-block-spacer-246_739506-7c kvs-sm-false\"><div class=\"kt-block-spacer kt-block-spacer-halign-center\"><\/div><\/div>\n\n\n\n<h2 class=\"wp-block-heading\"><strong>M\u00e4ngel \/ Schadenersatz<\/strong><\/h2>\n\n\n\n<p>Bei Sch\u00e4den am Mietobjekt sind viele Interessen und Beteiligte einzubeziehen und zu organisieren. Damit kein finanzieller Schaden entsteht, muss schnell und effektiv nach Interessenlage eine L\u00f6sung her.<\/p>\n\n\n\n<div style=\"height:25px\" aria-hidden=\"true\" class=\"wp-block-spacer\"><\/div>\n<\/div>\n<\/div>\n<\/div><\/div>\n\n\n<style>.wp-block-kadence-spacer.kt-block-spacer-246_9966c0-e3 .kt-block-spacer{height:25px;}.wp-block-kadence-spacer.kt-block-spacer-246_9966c0-e3 .kt-divider{border-top-width:1px;height:1px;border-top-color:#eee;width:80%;border-top-style:solid;}<\/style>\n<div class=\"wp-block-kadence-spacer aligncenter kt-block-spacer-246_9966c0-e3\"><div class=\"kt-block-spacer kt-block-spacer-halign-center\"><\/div><\/div>\n\n\n\n<h2 class=\"wp-block-heading has-text-align-center\">Lernen Sie uns einfach bei einer <a href=\"tel:0262290870\">Erstberatung<\/a> kennen. Termine bieten wir schnell und flexibel an.<\/h2>\n\n\n<style>.wp-block-kadence-spacer.kt-block-spacer-246_eb27d1-ce .kt-block-spacer{height:25px;}.wp-block-kadence-spacer.kt-block-spacer-246_eb27d1-ce .kt-divider{border-top-width:1px;height:1px;border-top-color:#eee;width:80%;border-top-style:solid;}<\/style>\n<div class=\"wp-block-kadence-spacer aligncenter kt-block-spacer-246_eb27d1-ce\"><div class=\"kt-block-spacer kt-block-spacer-halign-center\"><\/div><\/div>\n","protected":false},"excerpt":{"rendered":"<p>&nbsp;Termin vereinbaren Montag bis Donnerstag von 07:00 Uhr bis 16:00 Uhr | 02622 \/ 90 87 &#8211; 0 K\u00fcndigung Bei [&hellip;]<\/p>\n","protected":false},"author":1,"featured_media":0,"parent":0,"menu_order":0,"comment_status":"closed","ping_status":"closed","template":"","meta":{"_uag_custom_page_level_css":"","site-sidebar-layout":"default","site-content-layout":"","ast-site-content-layout":"default","site-content-style":"default","site-sidebar-style":"default","ast-global-header-display":"","ast-banner-title-visibility":"","ast-main-header-display":"","ast-hfb-above-header-display":"","ast-hfb-below-header-display":"","ast-hfb-mobile-header-display":"","site-post-title":"disabled","ast-breadcrumbs-content":"","ast-featured-img":"","footer-sml-layout":"","ast-disable-related-posts":"","theme-transparent-header-meta":"","adv-header-id-meta":"","stick-header-meta":"","header-above-stick-meta":"","header-main-stick-meta":"","header-below-stick-meta":"","astra-migrate-meta-layouts":"default","ast-page-background-enabled":"default","ast-page-background-meta":{"desktop":{"background-color":"var(--ast-global-color-5)","background-image":"","background-repeat":"repeat","background-position":"center center","background-size":"auto","background-attachment":"scroll","background-type":"","background-media":"","overlay-type":"","overlay-color":"","overlay-opacity":"","overlay-gradient":""},"tablet":{"background-color":"","background-image":"","background-repeat":"repeat","background-position":"center center","background-size":"auto","background-attachment":"scroll","background-type":"","background-media":"","overlay-type":"","overlay-color":"","overlay-opacity":"","overlay-gradient":""},"mobile":{"background-color":"","background-image":"","background-repeat":"repeat","background-position":"center center","background-size":"auto","background-attachment":"scroll","background-type":"","background-media":"","overlay-type":"","overlay-color":"","overlay-opacity":"","overlay-gradient":""}},"ast-content-background-meta":{"desktop":{"background-color":"var(--ast-global-color-4)","background-image":"","background-repeat":"repeat","background-position":"center center","background-size":"auto","background-attachment":"scroll","background-type":"","background-media":"","overlay-type":"","overlay-color":"","overlay-opacity":"","overlay-gradient":""},"tablet":{"background-color":"var(--ast-global-color-4)","background-image":"","background-repeat":"repeat","background-position":"center center","background-size":"auto","background-attachment":"scroll","background-type":"","background-media":"","overlay-type":"","overlay-color":"","overlay-opacity":"","overlay-gradient":""},"mobile":{"background-color":"var(--ast-global-color-4)","background-image":"","background-repeat":"repeat","background-position":"center center","background-size":"auto","background-attachment":"scroll","background-type":"","background-media":"","overlay-type":"","overlay-color":"","overlay-opacity":"","overlay-gradient":""}},"footnotes":""},"class_list":["post-246","page","type-page","status-publish","hentry"],"uagb_featured_image_src":{"full":false,"thumbnail":false,"medium":false,"medium_large":false,"large":false,"1536x1536":false,"2048x2048":false},"uagb_author_info":{"display_name":"admin","author_link":"https:\/\/awh-recht.de\/?author=1"},"uagb_comment_info":0,"uagb_excerpt":"&nbsp;Termin vereinbaren Montag bis Donnerstag von 07:00 Uhr bis 16:00 Uhr | 02622 \/ 90 87 &#8211; 0 K\u00fcndigung Bei [&hellip;]","_links":{"self":[{"href":"https:\/\/awh-recht.de\/index.php?rest_route=\/wp\/v2\/pages\/246","targetHints":{"allow":["GET"]}}],"collection":[{"href":"https:\/\/awh-recht.de\/index.php?rest_route=\/wp\/v2\/pages"}],"about":[{"href":"https:\/\/awh-recht.de\/index.php?rest_route=\/wp\/v2\/types\/page"}],"author":[{"embeddable":true,"href":"https:\/\/awh-recht.de\/index.php?rest_route=\/wp\/v2\/users\/1"}],"replies":[{"embeddable":true,"href":"https:\/\/awh-recht.de\/index.php?rest_route=%2Fwp%2Fv2%2Fcomments&post=246"}],"version-history":[{"count":7,"href":"https:\/\/awh-recht.de\/index.php?rest_route=\/wp\/v2\/pages\/246\/revisions"}],"predecessor-version":[{"id":416,"href":"https:\/\/awh-recht.de\/index.php?rest_route=\/wp\/v2\/pages\/246\/revisions\/416"}],"wp:attachment":[{"href":"https:\/\/awh-recht.de\/index.php?rest_route=%2Fwp%2Fv2%2Fmedia&parent=246"}],"curies":[{"name":"wp","href":"https:\/\/api.w.org\/{rel}","templated":true}]}}