{"id":248,"date":"2025-07-22T18:50:01","date_gmt":"2025-07-22T18:50:01","guid":{"rendered":"https:\/\/wordpress.awh-recht.de\/?page_id=248"},"modified":"2025-07-23T15:49:56","modified_gmt":"2025-07-23T15:49:56","slug":"unfall","status":"publish","type":"page","link":"https:\/\/awh-recht.de\/?page_id=248","title":{"rendered":"Unfall"},"content":{"rendered":"\n<div class=\"wp-block-uagb-container uag-hide-tab uag-hide-mob uagb-block-1a2a6e6f alignfull uagb-is-root-container\">\n<div style=\"height:600px\" aria-hidden=\"true\" class=\"wp-block-spacer\"><\/div>\n<\/div>\n\n\n<style>.kadence-column248_0e0885-ad > .kt-inside-inner-col{display:flex;}.kadence-column248_0e0885-ad{max-width:100%;margin-left:auto;margin-right:auto;}.wp-block-kadence-column.kb-section-dir-horizontal:not(.kb-section-md-dir-vertical)>.kt-inside-inner-col>.kadence-column248_0e0885-ad{-webkit-flex:0 1 100%;flex:0 1 100%;max-width:unset;margin-left:unset;margin-right:unset;}#wrapper.site{overflow:clip;}.kadence-column248_0e0885-ad > .kt-inside-inner-col{border-top:2px solid var(--ast-global-color-2);}.kadence-column248_0e0885-ad > .kt-inside-inner-col,.kadence-column248_0e0885-ad > .kt-inside-inner-col:before{border-top-left-radius:0px;border-top-right-radius:0px;border-bottom-right-radius:0px;border-bottom-left-radius:0px;}.kadence-column248_0e0885-ad > .kt-inside-inner-col{column-gap:var(--global-kb-gap-sm, 1rem);}.kadence-column248_0e0885-ad > .kt-inside-inner-col{flex-direction:column;align-items:center;}.kadence-column248_0e0885-ad > .kt-inside-inner-col > .kb-image-is-ratio-size{align-self:stretch;}.kadence-column248_0e0885-ad > .kt-inside-inner-col > .wp-block-kadence-advancedgallery{align-self:stretch;}.kadence-column248_0e0885-ad > .kt-inside-inner-col > .aligncenter{width:100%;}.kadence-column248_0e0885-ad > .kt-inside-inner-col:before{opacity:0.3;mix-blend-mode:overlay;}.kadence-column248_0e0885-ad{position:relative;}@media all and (min-width: 1025px){.wp-block-kadence-column.kb-section-dir-horizontal>.kt-inside-inner-col>.kadence-column248_0e0885-ad{-webkit-flex:0 1 100%;flex:0 1 100%;max-width:unset;margin-left:unset;margin-right:unset;}}@media all and (max-width: 1024px){.kadence-column248_0e0885-ad > .kt-inside-inner-col{border-top:2px solid var(--ast-global-color-2);flex-direction:column;justify-content:center;align-items:center;}}@media all and (max-width: 767px){.kadence-column248_0e0885-ad > .kt-inside-inner-col{border-top:2px solid var(--ast-global-color-2);flex-direction:column;justify-content:center;align-items:center;}.wp-block-kadence-column.kb-section-sm-dir-vertical:not(.kb-section-sm-dir-horizontal):not(.kb-section-sm-dir-specificity)>.kt-inside-inner-col>.kadence-column248_0e0885-ad{max-width:100%;-webkit-flex:1;flex:1;margin-left:auto;margin-right:auto;}}.fixed-hintergrund {  background-image: url('https:\/\/deine-seite.de\/wp-content\/uploads\/dein-bild.jpg');  background-attachment: fixed;  background-position: center;  background-repeat: no-repeat;  background-size: cover;  padding: 100px 20px; \/* Beispiel f\u00fcr Innenabstand *\/  color: white; \/* F\u00fcr Kontrast, wenn n\u00f6tig *\/}<\/style>\n<div class=\"wp-block-kadence-column kadence-column248_0e0885-ad kb-section-is-sticky\"><div class=\"kt-inside-inner-col\">\n<header class=\"wp-block-uagb-advanced-heading uagb-block-7c064788\"><h2 class=\"uagb-heading-text\">\u00a0<br><a href=\"https:\/\/wordpress.awh-recht.de\/?page_id=428\" data-type=\"page\" data-id=\"428\">\u25b6\ufe0f UNFALL ONLINE MELDEN<\/a><\/h2><\/header>\n\n\n\n<header class=\"wp-block-uagb-advanced-heading uagb-block-579e9798\"><h2 class=\"uagb-heading-text\">&nbsp;<br>Termin vereinbaren<\/h2><\/header>\n\n\n\n<h4 class=\"wp-block-heading\">Montag bis Donnerstag von 07:00 Uhr bis 16:00 Uhr | <a href=\"tel:0049262290870\" data-type=\"tel\" data-id=\"tel:0049262290870\">02622 \/ 90 87 &#8211; 0<\/a><\/h4>\n\n\n\n<div style=\"height:20px\" aria-hidden=\"true\" class=\"wp-block-spacer\"><\/div>\n\n\n\n<hr class=\"wp-block-separator has-alpha-channel-opacity is-style-wide\" style=\"margin-top:0;margin-bottom:0\"\/>\n\n\n\n<div class=\"wp-block-columns is-layout-flex wp-container-core-columns-is-layout-28f84493 wp-block-columns-is-layout-flex\" style=\"border-top-color:var(--wp--preset--color--ast-global-color-2);border-top-width:2px\">\n<div class=\"wp-block-column is-layout-flow wp-block-column-is-layout-flow\">\n<div style=\"height:25px\" aria-hidden=\"true\" class=\"wp-block-spacer\"><\/div>\n\n\n<style>.kb-image248_05b29b-f1.kb-image-is-ratio-size, .kb-image248_05b29b-f1 .kb-image-is-ratio-size{max-width:472px;width:100%;}.wp-block-kadence-column > .kt-inside-inner-col > .kb-image248_05b29b-f1.kb-image-is-ratio-size, .wp-block-kadence-column > .kt-inside-inner-col > .kb-image248_05b29b-f1 .kb-image-is-ratio-size{align-self:unset;}.kb-image248_05b29b-f1{max-width:472px;}.image-is-svg.kb-image248_05b29b-f1{-webkit-flex:0 1 100%;flex:0 1 100%;}.image-is-svg.kb-image248_05b29b-f1 img{width:100%;}.kb-image248_05b29b-f1 .kb-image-has-overlay:after{opacity:0.3;}<\/style>\n<figure class=\"wp-block-kadence-image kb-image248_05b29b-f1 size-full\"><img loading=\"lazy\" decoding=\"async\" width=\"480\" height=\"360\" src=\"https:\/\/wordpress.awh-recht.de\/wp-content\/uploads\/2025\/07\/Verkehr1.jpg\" alt=\"\" class=\"kb-img wp-image-415\" srcset=\"https:\/\/awh-recht.de\/wp-content\/uploads\/2025\/07\/Verkehr1.jpg 480w, https:\/\/awh-recht.de\/wp-content\/uploads\/2025\/07\/Verkehr1-300x225.jpg 300w\" sizes=\"auto, (max-width: 480px) 100vw, 480px\" \/><\/figure>\n\n\n<style>.wp-block-kadence-spacer.kt-block-spacer-248_cc48c2-3d .kt-block-spacer{height:25px;}.wp-block-kadence-spacer.kt-block-spacer-248_cc48c2-3d .kt-divider{border-top-width:1px;height:1px;border-top-color:#eee;width:80%;border-top-style:solid;}<\/style>\n<div class=\"wp-block-kadence-spacer aligncenter kt-block-spacer-248_cc48c2-3d kvs-sm-false\"><div class=\"kt-block-spacer kt-block-spacer-halign-center\"><\/div><\/div>\n<\/div>\n\n\n\n<div class=\"wp-block-column is-layout-flow wp-block-column-is-layout-flow\"><style>.wp-block-kadence-spacer.kt-block-spacer-248_183470-43 .kt-block-spacer{height:25px;}.wp-block-kadence-spacer.kt-block-spacer-248_183470-43 .kt-divider{border-top-width:1px;height:1px;border-top-color:#eee;width:80%;border-top-style:solid;}<\/style>\n<div class=\"wp-block-kadence-spacer aligncenter kt-block-spacer-248_183470-43 kvs-sm-false\"><div class=\"kt-block-spacer kt-block-spacer-halign-center\"><\/div><\/div>\n\n\n\n<h2 class=\"wp-block-heading\"><strong>Wozu ein Anwalt?<\/strong><\/h2>\n\n\n\n<p>Ist doch klar. Es gibt keine komfortablere M\u00f6glichkeit, kompetent und mit Rechtssicherheit einen Unfall abzuwickeln.<br>Damit Sie die gegnerische Haftpflichtversicherung nicht um Ihre Anspr\u00fcche bringt, geh\u00f6rt die Unfallabwicklung in die H\u00e4nde einer fachlich fundierten Rechtsberatung. Sie sollen Ihr Recht bekommen und das auf einfachstem Weg. Sie m\u00fcssen uns nur den Unfall melden, alles andere veranlassen wir.<\/p>\n\n\n\n<div style=\"height:25px\" aria-hidden=\"true\" class=\"wp-block-spacer\"><\/div>\n<\/div>\n<\/div>\n\n\n\n<div class=\"wp-block-columns is-layout-flex wp-container-core-columns-is-layout-28f84493 wp-block-columns-is-layout-flex\" style=\"border-top-color:var(--wp--preset--color--ast-global-color-2);border-top-width:2px;border-bottom-color:var(--wp--preset--color--ast-global-color-2);border-bottom-width:2px\">\n<div class=\"wp-block-column is-layout-flow wp-block-column-is-layout-flow\">\n<div style=\"height:25px\" aria-hidden=\"true\" class=\"wp-block-spacer\"><\/div>\n\n\n\n<h2 class=\"wp-block-heading\">So geht&#8217;s<\/h2>\n\n\n\n<p>Melden Sie den Autounfall einfach und bequem \u00fcber die Homepage oder telefonisch. Das ist unverbindlich und geht schnell. Wir melden uns dann sofort bei Ihnen&nbsp; telefonisch und besprechen die weitere Vorgehensweise.<br>Wir arbeiten mit Gutachtern zusammen und haben gute Kontakte in die Autoh\u00e4user und Werkst\u00e4tten. Auch bei Beschaffung eines Mietfahrzeuges sind wir behilflich. Die Abwicklung insgesamt \u00fcbernehmen wir f\u00fcr Sie. So geht\u00b4s!<\/p>\n\n\n<style>.wp-block-kadence-spacer.kt-block-spacer-248_4b83f7-ec .kt-block-spacer{height:26px;}.wp-block-kadence-spacer.kt-block-spacer-248_4b83f7-ec .kt-divider{border-top-width:1px;height:1px;border-top-color:#eee;width:80%;border-top-style:solid;}<\/style>\n<div class=\"wp-block-kadence-spacer aligncenter kt-block-spacer-248_4b83f7-ec kvs-sm-false\"><div class=\"kt-block-spacer kt-block-spacer-halign-center\"><\/div><\/div>\n<\/div>\n\n\n\n<div class=\"wp-block-column is-layout-flow wp-block-column-is-layout-flow\"><style>.wp-block-kadence-spacer.kt-block-spacer-248_d33fdb-dc .kt-block-spacer{height:25px;}.wp-block-kadence-spacer.kt-block-spacer-248_d33fdb-dc .kt-divider{border-top-width:1px;height:1px;border-top-color:#eee;width:80%;border-top-style:solid;}<\/style>\n<div class=\"wp-block-kadence-spacer aligncenter kt-block-spacer-248_d33fdb-dc kvs-sm-false\"><div class=\"kt-block-spacer kt-block-spacer-halign-center\"><\/div><\/div>\n\n\n<style>.kb-image248_287bea-e5.kb-image-is-ratio-size, .kb-image248_287bea-e5 .kb-image-is-ratio-size{max-width:472px;width:100%;}.wp-block-kadence-column > .kt-inside-inner-col > .kb-image248_287bea-e5.kb-image-is-ratio-size, .wp-block-kadence-column > .kt-inside-inner-col > .kb-image248_287bea-e5 .kb-image-is-ratio-size{align-self:unset;}.kb-image248_287bea-e5 figure{max-width:472px;}.kb-image248_287bea-e5 .image-is-svg, .kb-image248_287bea-e5 .image-is-svg img{width:100%;}.kb-image248_287bea-e5 .kb-image-has-overlay:after{opacity:0.3;}<\/style>\n<div class=\"wp-block-kadence-image kb-image248_287bea-e5\"><figure class=\"alignright size-full\"><img loading=\"lazy\" decoding=\"async\" width=\"490\" height=\"366\" src=\"https:\/\/wordpress.awh-recht.de\/wp-content\/uploads\/2025\/07\/Bild2.png\" alt=\"\" class=\"kb-img wp-image-414\" srcset=\"https:\/\/awh-recht.de\/wp-content\/uploads\/2025\/07\/Bild2.png 490w, https:\/\/awh-recht.de\/wp-content\/uploads\/2025\/07\/Bild2-300x224.png 300w\" sizes=\"auto, (max-width: 490px) 100vw, 490px\" \/><\/figure><\/div>\n\n\n\n<div style=\"height:25px\" aria-hidden=\"true\" class=\"wp-block-spacer\"><\/div>\n<\/div>\n<\/div>\n<\/div><\/div>\n","protected":false},"excerpt":{"rendered":"<p>\u00a0\u25b6\ufe0f UNFALL ONLINE MELDEN &nbsp;Termin vereinbaren Montag bis Donnerstag von 07:00 Uhr bis 16:00 Uhr | 02622 \/ 90 87 [&hellip;]<\/p>\n","protected":false},"author":1,"featured_media":0,"parent":0,"menu_order":0,"comment_status":"closed","ping_status":"closed","template":"","meta":{"_uag_custom_page_level_css":"","site-sidebar-layout":"default","site-content-layout":"","ast-site-content-layout":"default","site-content-style":"default","site-sidebar-style":"default","ast-global-header-display":"","ast-banner-title-visibility":"","ast-main-header-display":"","ast-hfb-above-header-display":"","ast-hfb-below-header-display":"","ast-hfb-mobile-header-display":"","site-post-title":"disabled","ast-breadcrumbs-content":"","ast-featured-img":"","footer-sml-layout":"","ast-disable-related-posts":"","theme-transparent-header-meta":"","adv-header-id-meta":"","stick-header-meta":"","header-above-stick-meta":"","header-main-stick-meta":"","header-below-stick-meta":"","astra-migrate-meta-layouts":"default","ast-page-background-enabled":"default","ast-page-background-meta":{"desktop":{"background-color":"var(--ast-global-color-5)","background-image":"","background-repeat":"repeat","background-position":"center center","background-size":"auto","background-attachment":"scroll","background-type":"","background-media":"","overlay-type":"","overlay-color":"","overlay-opacity":"","overlay-gradient":""},"tablet":{"background-color":"","background-image":"","background-repeat":"repeat","background-position":"center center","background-size":"auto","background-attachment":"scroll","background-type":"","background-media":"","overlay-type":"","overlay-color":"","overlay-opacity":"","overlay-gradient":""},"mobile":{"background-color":"","background-image":"","background-repeat":"repeat","background-position":"center center","background-size":"auto","background-attachment":"scroll","background-type":"","background-media":"","overlay-type":"","overlay-color":"","overlay-opacity":"","overlay-gradient":""}},"ast-content-background-meta":{"desktop":{"background-color":"var(--ast-global-color-4)","background-image":"","background-repeat":"repeat","background-position":"center center","background-size":"auto","background-attachment":"scroll","background-type":"","background-media":"","overlay-type":"","overlay-color":"","overlay-opacity":"","overlay-gradient":""},"tablet":{"background-color":"var(--ast-global-color-4)","background-image":"","background-repeat":"repeat","background-position":"center center","background-size":"auto","background-attachment":"scroll","background-type":"","background-media":"","overlay-type":"","overlay-color":"","overlay-opacity":"","overlay-gradient":""},"mobile":{"background-color":"var(--ast-global-color-4)","background-image":"","background-repeat":"repeat","background-position":"center center","background-size":"auto","background-attachment":"scroll","background-type":"","background-media":"","overlay-type":"","overlay-color":"","overlay-opacity":"","overlay-gradient":""}},"footnotes":""},"class_list":["post-248","page","type-page","status-publish","hentry"],"uagb_featured_image_src":{"full":false,"thumbnail":false,"medium":false,"medium_large":false,"large":false,"1536x1536":false,"2048x2048":false},"uagb_author_info":{"display_name":"admin","author_link":"https:\/\/awh-recht.de\/?author=1"},"uagb_comment_info":0,"uagb_excerpt":"\u00a0\u25b6\ufe0f UNFALL ONLINE MELDEN &nbsp;Termin vereinbaren Montag bis Donnerstag von 07:00 Uhr bis 16:00 Uhr | 02622 \/ 90 87 [&hellip;]","_links":{"self":[{"href":"https:\/\/awh-recht.de\/index.php?rest_route=\/wp\/v2\/pages\/248","targetHints":{"allow":["GET"]}}],"collection":[{"href":"https:\/\/awh-recht.de\/index.php?rest_route=\/wp\/v2\/pages"}],"about":[{"href":"https:\/\/awh-recht.de\/index.php?rest_route=\/wp\/v2\/types\/page"}],"author":[{"embeddable":true,"href":"https:\/\/awh-recht.de\/index.php?rest_route=\/wp\/v2\/users\/1"}],"replies":[{"embeddable":true,"href":"https:\/\/awh-recht.de\/index.php?rest_route=%2Fwp%2Fv2%2Fcomments&post=248"}],"version-history":[{"count":11,"href":"https:\/\/awh-recht.de\/index.php?rest_route=\/wp\/v2\/pages\/248\/revisions"}],"predecessor-version":[{"id":452,"href":"https:\/\/awh-recht.de\/index.php?rest_route=\/wp\/v2\/pages\/248\/revisions\/452"}],"wp:attachment":[{"href":"https:\/\/awh-recht.de\/index.php?rest_route=%2Fwp%2Fv2%2Fmedia&parent=248"}],"curies":[{"name":"wp","href":"https:\/\/api.w.org\/{rel}","templated":true}]}}