{"id":3,"date":"2025-07-01T17:24:26","date_gmt":"2025-07-01T17:24:26","guid":{"rendered":"https:\/\/wordpress.awh-recht.de\/?page_id=3"},"modified":"2025-09-24T18:18:16","modified_gmt":"2025-09-24T18:18:16","slug":"privacy-policy","status":"publish","type":"page","link":"https:\/\/awh-recht.de\/?page_id=3","title":{"rendered":"Impressum &amp;\u00a0Datenschutzerkl\u00e4rung"},"content":{"rendered":"\n<h3 class=\"wp-block-heading\" style=\"border-top-color:var(--wp--preset--color--ast-global-color-1);border-top-width:50px\">Impressum &amp;&nbsp;Datenschutzerkl\u00e4rung<\/h3>\n\n\n\n<p><strong>Verantwortlich f\u00fcr Text, Bilder und Inhalt:<br>Kristian H\u00f6rstel<br><\/strong>Rechtsanwalt &nbsp;<br>Fachanwalt f\u00fcr Miet- und Wohnungseigentumsrecht<br>Fachanwalt f\u00fcr Verkehrsrecht<br>Fachanwalt f\u00fcr Familienrecht<\/p>\n\n\n\n<p>Bahnhofstra\u00dfe 1, 56170 Bendorf<br>Telefon: 02622\/9087 &#8211; 0<br>E-Mail:\u00a0<a href=\"mailto:info@awh-recht.de\">info@awh-recht.de<\/a><\/p>\n\n\n\n<p>Haftpflichtversicherung: Victoria-Versicherungen AG, Postfach, 40198 D\u00fcsseldorf, Versicherungsnummer: HV 6108885.7<\/p>\n\n\n\n<p>Rechtsanwalt&nbsp; Kristian H\u00f6rstel ist Mitglied der Rechtsanwaltskammer (Rheinstra\u00dfe 24, 56068 Koblenz, Telefon 0261\/303350, Fax 0261\/3033522) f\u00fcr den Oberlandesgerichtsbezirk Koblenz (Internetadresse&nbsp;www.<a href=\"http:\/\/www.rakko.de\/\">rakko.de<\/a>, E-Mail:&nbsp;<a href=\"mailto:rak-koblenz@t-online.de\">rak-koblenz@t-online.de<\/a>).<br><br>Die Zulassung wurde jeweils in Deutschland erteilt (Berufsbezeichnung verleihender Staat).<br>Rechtsanwalt Kristian H\u00f6rstel wurde auch zugelassen als Fachanwalt f\u00fcr Miet- und Wohnungseigentumsrecht, Fachanwalt f\u00fcr Verkehrsrecht und Fachanwalt f\u00fcr Familienrecht, dies ebenso in Deutschland (Berufsbezeichnung verleihender Staat).<\/p>\n\n\n\n<p><br>Sie haben die M\u00f6glichkeit an einem Streitbeilegungsverfahren teilzunehmen. Richten Sie Ihren Antrag bitte dazu an: Schlichtungsstelle der Rechtsanwaltschaft, Neue Gr\u00fcnstra\u00dfe 17, 10179 Berlin, Tel.: 030\/2844417-0, Fax: 030\/2844417-12,&nbsp;<a href=\"http:\/\/www.schlichtungsstelle-der-rechtsanwaltschaft.de\/\">www.schlichtungsstelle-der-rechtsanwaltschaft.de<\/a>&nbsp;Email:&nbsp;<a href=\"mailto:schlichtungsstelle@s-d-r.org\">schlichtungsstelle@s-d-r.org<\/a>.<br>&nbsp;<\/p>\n\n\n\n<h6 class=\"wp-block-heading\"><strong>Berufsregeln:<\/strong><\/h6>\n\n\n\n<p>Berufsordnung (BORA)<br>Berufsregeln der Rechtsanw\u00e4lte der europ\u00e4ischen Union (CCBE)<br>Fachanwaltsordnung (FAO)<br>Bundesrechtsanwaltsordnung (BRAO)<br>Gesetz \u00fcber die Verg\u00fctung der Rechtsanw\u00e4ltinnen und Rechtsanw\u00e4lte (Rechtsanwaltsverg\u00fctungsgesetz &#8211; RVG)<br>Gesetz \u00fcber die T\u00e4tigkeit europ\u00e4ischer Rechtsanw\u00e4lte in Deutschland (EURAG)<\/p>\n\n\n\n<p>Die Berufsregeln sind abzurufen unter der Internetadresse&nbsp;<a href=\"http:\/\/www.brak.de\/\">www.brak.de<\/a>, dort \u00fcber die Unterrubrik \u201cBerufsrecht\u201d.<\/p>\n\n\n\n<h6 class=\"wp-block-heading\"><strong>Haftung:<\/strong><\/h6>\n\n\n\n<p>Die auf der Internetpr\u00e4senz enthaltenen Angaben werden st\u00e4ndig \u00fcberpr\u00fcft und insoweit erg\u00e4nzt, ausgetauscht oder gestrichen. Wir weisen ausdr\u00fccklich darauf hin, dass die auf der Internetpr\u00e4senz enthaltenden Informationen ausschlie\u00dflich der allgemeinen Information dienen und weder durch das lesen noch durch den Download oder sonstige Nutzung der Informationen dieser Internetpr\u00e4senz ein Mandatsverh\u00e4ltnis zustande kommt, es wird ausdr\u00fccklich kein Rat oder keine Auskunft erteilt. Demgem\u00e4\u00df wird die Haftung f\u00fcr den Inhalt der Internetpr\u00e4senz ausgeschlossen, soweit es sich nicht um vors\u00e4tzlich oder grob fahrl\u00e4ssige Falschinformationen handelt.<\/p>\n\n\n\n<h6 class=\"wp-block-heading\"><strong>Grafik- und Satzarbeiten | Programmierung:<\/strong><\/h6>\n\n\n\n<p><a href=\"http:\/\/www.die-werbetechnik.de\/\">Wagner Werbung<\/a>&nbsp;|&nbsp;Dieter-Trennheuser-Stra\u00dfe 6 | D-56170 Bendorf<strong><br><\/strong>&nbsp;<\/p>\n\n\n\n<h6 class=\"wp-block-heading\"><strong>Bilder&nbsp;und Grafiken:<\/strong><\/h6>\n\n\n\n<p><strong>Angaben der Quelle f\u00fcr verwendetes Bilder- und Grafikmaterial:<br>http:\/\/www.fotolia.com<br><\/strong>&nbsp;<\/p>\n\n\n\n<h6 class=\"wp-block-heading\"><strong>Datenschutzerkl\u00e4rung<\/strong><\/h6>\n\n\n\n<p><strong>1. Name und Kontaktdaten des f\u00fcr die Verarbeitung Verantwortlichen sowie des betrieblichen Datenschutzbeauftragten<\/strong><\/p>\n\n\n\n<p>Diese Datenschutz-Information gilt f\u00fcr die Datenverarbeitung durch:<\/p>\n\n\n\n<p>Verantwortlicher: Rechtsanwalt Kristian H\u00f6rstel, Bahnhofstra\u00dfe 1, 56170 Bendorf, Deutschland Email: info@awh-recht.d Telefon: +49 (0)2622\/9087-0,<\/p>\n\n\n\n<p>Der\/die betriebliche Datenschutzbeauftragte von Rechtsanwalt Kristian H\u00f6rstel ist unter der o.g. Anschrift, zu Hd. Herrn Kristian H\u00f6rstel, bzw. unter info@awh-recht.de erreichbar.<\/p>\n\n\n\n<p><strong>2. Erhebung und Speicherung personenbezogener Daten sowie Art und Zweck von deren Verwendung<\/strong><\/p>\n\n\n\n<p>a) Beim Besuch der Website<\/p>\n\n\n\n<p>Beim Aufrufen unserer Website www.awh-recht.de werden durch den auf Ihrem Endger\u00e4t zum Einsatz kommenden Browser automatisch Informationen an den Server unserer Website gesendet. Diese Informationen werden tempor\u00e4r in einem sog. Logfile gespeichert. Folgende Informationen werden dabei ohne Ihr Zutun erfasst und bis zur automatisierten L\u00f6schung gespeichert:<\/p>\n\n\n\n<ul class=\"wp-block-list\">\n<li>IP-Adresse des anfragenden Rechners,<\/li>\n\n\n\n<li>Datum und Uhrzeit des Zugriffs,<\/li>\n\n\n\n<li>Name und URL der abgerufenen Datei,<\/li>\n\n\n\n<li>Website, von der aus der Zugriff erfolgt (Referrer-URL),<\/li>\n\n\n\n<li>verwendeter Browser und ggf. das Betriebssystem Ihres Rechners sowie der Name Ihres Access-Providers.<\/li>\n<\/ul>\n\n\n\n<p>Die genannten Daten werden durch uns zu folgenden Zwecken verarbeitet:<\/p>\n\n\n\n<ul class=\"wp-block-list\">\n<li>Gew\u00e4hrleistung eines reibungslosen Verbindungsaufbaus der Website,<\/li>\n\n\n\n<li>Gew\u00e4hrleistung einer komfortablen Nutzung unserer Website,<\/li>\n\n\n\n<li>Auswertung der Systemsicherheit und -stabilit\u00e4t sowie<\/li>\n\n\n\n<li>zu weiteren administrativen Zwecken.<\/li>\n<\/ul>\n\n\n\n<p>Die Rechtsgrundlage f\u00fcr die Datenverarbeitung ist Art.&nbsp;6 Abs.&nbsp;1 S.&nbsp;1 lit.&nbsp;f DSGVO. Unser berechtigtes Interesse folgt aus oben aufgelisteten Zwecken zur Datenerhebung. In keinem Fall verwenden wir die erhobenen Daten zu dem Zweck, R\u00fcckschl\u00fcsse auf Ihre Person zu ziehen.<\/p>\n\n\n\n<p>Dar\u00fcber hinaus setzen wir beim Besuch unserer Website Cookies sowie Analysedienste ein. N\u00e4here Erl\u00e4uterungen dazu erhalten Sie unter den Ziff. 4 und 5 dieser Datenschutzerkl\u00e4rung.<\/p>\n\n\n\n<p>b) Bei Nutzung unseres Kontaktformulars oder unsere Chatfunktion<\/p>\n\n\n\n<p>Bei Fragen jeglicher Art bieten wir Ihnen die M\u00f6glichkeit, mit uns \u00fcber ein auf der Website bereitgestellte Formulare Kontakt aufzunehmen. Dabei ist die Angabe einer g\u00fcltigen E-Mail-Adresse. Telefonnummer und weiterer personenbezogener Daten erforderlich, damit wir wissen, von wem die Anfrage stammt und um diese beantworten zu k\u00f6nnen. Weitere Angaben k\u00f6nnen freiwillig get\u00e4tigt werden.<\/p>\n\n\n\n<p>Die Datenverarbeitung zum Zwecke der Kontaktaufnahme mit uns erfolgt nach Art.&nbsp;6 Abs.&nbsp;1 S.&nbsp;1 lit.&nbsp;a DSGVO auf Grundlage Ihrer freiwillig erteilten Einwilligung.<\/p>\n\n\n\n<p>Die f\u00fcr die Benutzung des Kontaktformulars von uns erhobenen personenbezogenen Daten werden nach Erledigung der von Ihnen gestellten Anfrage automatisch gel\u00f6scht.<\/p>\n\n\n\n<p><strong>3. Weitergabe von Daten<\/strong><\/p>\n\n\n\n<p>Eine \u00dcbermittlung Ihrer pers\u00f6nlichen Daten an Dritte zu anderen als den im Folgenden aufgef\u00fchrten Zwecken findet nicht statt.<\/p>\n\n\n\n<p>Wir geben Ihre pers\u00f6nlichen Daten nur an Dritte weiter, wenn:<\/p>\n\n\n\n<ul class=\"wp-block-list\">\n<li>Sie Ihre nach Art.&nbsp;6 Abs.&nbsp;1 S.&nbsp;1 lit.&nbsp;a DSGVO ausdr\u00fcckliche Einwilligung dazu erteilt haben,<\/li>\n\n\n\n<li>die Weitergabe nach Art.&nbsp;6 Abs.&nbsp;1 S.&nbsp;1 lit.&nbsp;f DSGVO zur Geltendmachung, Aus\u00fcbung oder Verteidigung von Rechtsanspr\u00fcchen erforderlich ist und kein Grund zur Annahme besteht, dass Sie ein \u00fcberwiegendes schutzw\u00fcrdiges Interesse an der Nichtweitergabe Ihrer Daten haben,<\/li>\n\n\n\n<li>f\u00fcr den Fall, dass f\u00fcr die Weitergabe nach Art.&nbsp;6 Abs.&nbsp;1 S.&nbsp;1 lit.&nbsp;c DSGVO eine gesetzliche Verpflichtung besteht, sowie<\/li>\n\n\n\n<li>dies gesetzlich zul\u00e4ssig und nach Art.&nbsp;6 Abs.&nbsp;1 S.&nbsp;1 lit.&nbsp;b DSGVO f\u00fcr die Abwicklung von Vertragsverh\u00e4ltnissen mit Ihnen erforderlich ist.<\/li>\n<\/ul>\n\n\n\n<p><strong>4. Betroffenenrechte<\/strong><\/p>\n\n\n\n<p>Sie haben das Recht:<\/p>\n\n\n\n<ul class=\"wp-block-list\">\n<li>gem\u00e4\u00df Art.&nbsp;15 DSGVO Auskunft \u00fcber Ihre von uns verarbeiteten personenbezogenen Daten zu verlangen. Insbesondere k\u00f6nnen Sie Auskunft \u00fcber die Verarbeitungszwecke, die Kategorie der personenbezogenen Daten, die Kategorien von Empf\u00e4ngern, gegen\u00fcber denen Ihre Daten offengelegt wurden oder werden, die geplante Speicherdauer, das Bestehen eines Rechts auf Berichtigung, L\u00f6schung, Einschr\u00e4nkung der Verarbeitung oder Widerspruch, das Bestehen eines Beschwerderechts, die Herkunft ihrer Daten, sofern diese nicht bei uns erhoben wurden, sowie \u00fcber das Bestehen einer automatisierten Entscheidungsfindung einschlie\u00dflich Profiling und ggf. aussagekr\u00e4ftigen Informationen zu deren Einzelheiten verlangen;<\/li>\n\n\n\n<li>gem\u00e4\u00df Art.&nbsp;16 DSGVO unverz\u00fcglich die Berichtigung unrichtiger oder Vervollst\u00e4ndigung Ihrer bei uns gespeicherten personenbezogenen Daten zu verlangen;<\/li>\n\n\n\n<li>gem\u00e4\u00df Art.&nbsp;17 DSGVO die L\u00f6schung Ihrer bei uns gespeicherten personenbezogenen Daten zu verlangen, soweit nicht die Verarbeitung zur Aus\u00fcbung des Rechts auf freie Meinungs\u00e4u\u00dferung und Information, zur Erf\u00fcllung einer rechtlichen Verpflichtung, aus Gr\u00fcnden des \u00f6ffentlichen Interesses oder zur Geltendmachung, Aus\u00fcbung oder Verteidigung von Rechtsanspr\u00fcchen erforderlich ist;<\/li>\n\n\n\n<li>gem\u00e4\u00df Art.&nbsp;18 DSGVO die Einschr\u00e4nkung der Verarbeitung Ihrer personenbezogenen Daten zu verlangen, soweit die Richtigkeit der Daten von Ihnen bestritten wird, die Verarbeitung unrechtm\u00e4\u00dfig ist, Sie aber deren L\u00f6schung ablehnen und wir die Daten nicht mehr ben\u00f6tigen, Sie jedoch diese zur Geltendmachung, Aus\u00fcbung oder Verteidigung von Rechtsanspr\u00fcchen ben\u00f6tigen oder Sie gem\u00e4\u00df Art.&nbsp;21 DSGVO Widerspruch gegen die Verarbeitung eingelegt haben;<\/li>\n\n\n\n<li>gem\u00e4\u00df Art.&nbsp;20 DSGVO Ihre personenbezogenen Daten, die Sie uns bereitgestellt haben, in einem strukturierten, g\u00e4ngigen und maschinenlesebaren Format zu erhalten oder die \u00dcbermittlung an einen anderen Verantwortlichen zu verlangen;<\/li>\n\n\n\n<li>gem\u00e4\u00df Art.&nbsp;7 Abs.&nbsp;3 DSGVO Ihre einmal erteilte Einwilligung jederzeit gegen\u00fcber uns zu widerrufen. Dies hat zur Folge, dass wir die Datenverarbeitung, die auf dieser Einwilligung beruhte, f\u00fcr die Zukunft nicht mehr fortf\u00fchren d\u00fcrfen und<\/li>\n\n\n\n<li>gem\u00e4\u00df Art.&nbsp;77 DSGVO sich bei einer Aufsichtsbeh\u00f6rde zu beschweren. In der Regel k\u00f6nnen Sie sich hierf\u00fcr an die Aufsichtsbeh\u00f6rde Ihres \u00fcblichen Aufenthaltsortes oder Arbeitsplatzes oder unseres Kanzleisitzes wenden.<\/li>\n<\/ul>\n\n\n\n<p><strong>7. Widerspruchsrecht<\/strong><\/p>\n\n\n\n<p>Sofern Ihre personenbezogenen Daten auf Grundlage von berechtigten Interessen gem\u00e4\u00df Art.&nbsp;6 Abs.&nbsp;1 S.&nbsp;1 lit.&nbsp;f DSGVO verarbeitet werden, haben Sie das Recht, gem\u00e4\u00df Art.&nbsp;21 DSGVO Widerspruch gegen die Verarbeitung Ihrer personenbezogenen Daten einzulegen, soweit daf\u00fcr Gr\u00fcnde vorliegen, die sich aus Ihrer besonderen Situation ergeben oder sich der Widerspruch gegen Direktwerbung richtet. Im letzteren Fall haben Sie ein generelles Widerspruchsrecht, das ohne Angabe einer besonderen Situation von uns umgesetzt wird.<\/p>\n\n\n\n<p>M\u00f6chten Sie von Ihrem Widerrufs- oder Widerspruchsrecht Gebrauch machen, gen\u00fcgt eine E-Mail an info@awh-recht.de<\/p>\n\n\n\n<p><strong>8. Datensicherheit<\/strong><\/p>\n\n\n\n<p>Wir verwenden innerhalb des Website-Besuchs das verbreitete SSL-Verfahren (Secure Socket Layer) in Verbindung mit der jeweils h\u00f6chsten Verschl\u00fcsselungsstufe, die von Ihrem Browser unterst\u00fctzt wird. In der Regel handelt es sich dabei um eine 256 Bit Verschl\u00fcsselung. Falls Ihr Browser keine 256-Bit Verschl\u00fcsselung unterst\u00fctzt, greifen wir stattdessen auf 128-Bit v3 Technologie zur\u00fcck. Ob eine einzelne Seite unseres Internetauftrittes verschl\u00fcsselt \u00fcbertragen wird, erkennen Sie an der geschlossenen Darstellung des Sch\u00fcssel- beziehungsweise Schloss-Symbols in der unteren Statusleiste Ihres Browsers.<\/p>\n\n\n\n<p>Wir bedienen uns im \u00dcbrigen geeigneter technischer und organisatorischer Sicherheitsma\u00dfnahmen, um Ihre Daten gegen zuf\u00e4llige oder vors\u00e4tzliche Manipulationen, teilweisen oder vollst\u00e4ndigen Verlust, Zerst\u00f6rung oder gegen den unbefugten Zugriff Dritter zu sch\u00fctzen. Unsere Sicherheitsma\u00dfnahmen werden entsprechend der technologischen Entwicklung fortlaufend verbessert.<\/p>\n\n\n\n<p><strong>9. Aktualit\u00e4t und \u00c4nderung dieser Datenschutzerkl\u00e4rung<\/strong><\/p>\n\n\n\n<p>Diese Datenschutzerkl\u00e4rung ist aktuell g\u00fcltig und hat den Stand September 2025.<\/p>\n\n\n\n<p>Durch die Weiterentwicklung unserer Website und Angebote dar\u00fcber oder aufgrund ge\u00e4nderter gesetzlicher beziehungsweise beh\u00f6rdlicher Vorgaben kann es notwendig werden, diese Datenschutzerkl\u00e4rung zu \u00e4ndern. Die jeweils aktuelle Datenschutzerkl\u00e4rung kann jederzeit auf der Website unter https:\/\/www.xyrechtsanwaelte.de\/datenschutz von Ihnen abgerufen und ausgedruckt werden.<\/p>\n","protected":false},"excerpt":{"rendered":"<p>Impressum &amp;&nbsp;Datenschutzerkl\u00e4rung Verantwortlich f\u00fcr Text, Bilder und Inhalt:Kristian H\u00f6rstelRechtsanwalt &nbsp;Fachanwalt f\u00fcr Miet- und WohnungseigentumsrechtFachanwalt f\u00fcr VerkehrsrechtFachanwalt f\u00fcr Familienrecht Bahnhofstra\u00dfe 1, [&hellip;]<\/p>\n","protected":false},"author":1,"featured_media":0,"parent":0,"menu_order":0,"comment_status":"closed","ping_status":"open","template":"","meta":{"_uag_custom_page_level_css":"","site-sidebar-layout":"default","site-content-layout":"","ast-site-content-layout":"default","site-content-style":"default","site-sidebar-style":"default","ast-global-header-display":"","ast-banner-title-visibility":"","ast-main-header-display":"","ast-hfb-above-header-display":"","ast-hfb-below-header-display":"","ast-hfb-mobile-header-display":"","site-post-title":"disabled","ast-breadcrumbs-content":"","ast-featured-img":"","footer-sml-layout":"","ast-disable-related-posts":"","theme-transparent-header-meta":"","adv-header-id-meta":"","stick-header-meta":"","header-above-stick-meta":"","header-main-stick-meta":"","header-below-stick-meta":"","astra-migrate-meta-layouts":"default","ast-page-background-enabled":"default","ast-page-background-meta":{"desktop":{"background-color":"var(--ast-global-color-5)","background-image":"","background-repeat":"repeat","background-position":"center center","background-size":"auto","background-attachment":"scroll","background-type":"","background-media":"","overlay-type":"","overlay-color":"","overlay-opacity":"","overlay-gradient":""},"tablet":{"background-color":"","background-image":"","background-repeat":"repeat","background-position":"center center","background-size":"auto","background-attachment":"scroll","background-type":"","background-media":"","overlay-type":"","overlay-color":"","overlay-opacity":"","overlay-gradient":""},"mobile":{"background-color":"","background-image":"","background-repeat":"repeat","background-position":"center center","background-size":"auto","background-attachment":"scroll","background-type":"","background-media":"","overlay-type":"","overlay-color":"","overlay-opacity":"","overlay-gradient":""}},"ast-content-background-meta":{"desktop":{"background-color":"var(--ast-global-color-4)","background-image":"","background-repeat":"repeat","background-position":"center center","background-size":"auto","background-attachment":"scroll","background-type":"","background-media":"","overlay-type":"","overlay-color":"","overlay-opacity":"","overlay-gradient":""},"tablet":{"background-color":"var(--ast-global-color-4)","background-image":"","background-repeat":"repeat","background-position":"center center","background-size":"auto","background-attachment":"scroll","background-type":"","background-media":"","overlay-type":"","overlay-color":"","overlay-opacity":"","overlay-gradient":""},"mobile":{"background-color":"var(--ast-global-color-4)","background-image":"","background-repeat":"repeat","background-position":"center center","background-size":"auto","background-attachment":"scroll","background-type":"","background-media":"","overlay-type":"","overlay-color":"","overlay-opacity":"","overlay-gradient":""}},"footnotes":""},"class_list":["post-3","page","type-page","status-publish","hentry"],"uagb_featured_image_src":{"full":false,"thumbnail":false,"medium":false,"medium_large":false,"large":false,"1536x1536":false,"2048x2048":false},"uagb_author_info":{"display_name":"admin","author_link":"https:\/\/awh-recht.de\/?author=1"},"uagb_comment_info":0,"uagb_excerpt":"Impressum &amp;&nbsp;Datenschutzerkl\u00e4rung Verantwortlich f\u00fcr Text, Bilder und Inhalt:Kristian H\u00f6rstelRechtsanwalt &nbsp;Fachanwalt f\u00fcr Miet- und WohnungseigentumsrechtFachanwalt f\u00fcr VerkehrsrechtFachanwalt f\u00fcr Familienrecht Bahnhofstra\u00dfe 1, [&hellip;]","_links":{"self":[{"href":"https:\/\/awh-recht.de\/index.php?rest_route=\/wp\/v2\/pages\/3","targetHints":{"allow":["GET"]}}],"collection":[{"href":"https:\/\/awh-recht.de\/index.php?rest_route=\/wp\/v2\/pages"}],"about":[{"href":"https:\/\/awh-recht.de\/index.php?rest_route=\/wp\/v2\/types\/page"}],"author":[{"embeddable":true,"href":"https:\/\/awh-recht.de\/index.php?rest_route=\/wp\/v2\/users\/1"}],"replies":[{"embeddable":true,"href":"https:\/\/awh-recht.de\/index.php?rest_route=%2Fwp%2Fv2%2Fcomments&post=3"}],"version-history":[{"count":8,"href":"https:\/\/awh-recht.de\/index.php?rest_route=\/wp\/v2\/pages\/3\/revisions"}],"predecessor-version":[{"id":480,"href":"https:\/\/awh-recht.de\/index.php?rest_route=\/wp\/v2\/pages\/3\/revisions\/480"}],"wp:attachment":[{"href":"https:\/\/awh-recht.de\/index.php?rest_route=%2Fwp%2Fv2%2Fmedia&parent=3"}],"curies":[{"name":"wp","href":"https:\/\/api.w.org\/{rel}","templated":true}]}}