{"id":7,"date":"2025-07-01T17:35:26","date_gmt":"2025-07-01T17:35:26","guid":{"rendered":"https:\/\/wordpress.awh-recht.de\/?page_id=7"},"modified":"2025-10-13T10:36:12","modified_gmt":"2025-10-13T10:36:12","slug":"startseite","status":"publish","type":"page","link":"https:\/\/awh-recht.de\/","title":{"rendered":"Willkommen"},"content":{"rendered":"\n<div class=\"wp-block-columns are-vertically-aligned-top is-layout-flex wp-container-core-columns-is-layout-00723822 wp-block-columns-is-layout-flex\" id=\"Leistungen\">\n<div class=\"wp-block-column is-vertically-aligned-top is-layout-flow wp-container-core-column-is-layout-6b73ce23 wp-block-column-is-layout-flow\">\n<figure class=\"wp-block-image aligncenter size-full is-resized is-style-rounded wp-duotone-unset-1\"><a href=\"https:\/\/wordpress.awh-recht.de\/?page_id=101\"><img loading=\"lazy\" decoding=\"async\" width=\"171\" height=\"165\" src=\"https:\/\/wordpress.awh-recht.de\/wp-content\/uploads\/2025\/07\/Scheidung1-edited-2.png\" alt=\"\" class=\"wp-image-74\" style=\"width:175px;height:auto\"\/><\/a><\/figure>\n\n\n\n<hr class=\"wp-block-separator has-text-color has-ast-global-color-2-color has-alpha-channel-opacity has-ast-global-color-2-background-color has-background is-style-default\" style=\"margin-top:var(--wp--preset--spacing--50);margin-bottom:0\"\/>\n\n\n\n<h2 class=\"wp-block-heading has-text-align-center\" style=\"margin-top:16px\"><a href=\"https:\/\/wordpress.awh-recht.de\/?page_id=101\" data-type=\"page\" data-id=\"101\">Scheidung<\/a><\/h2>\n<\/div>\n\n\n\n<div class=\"wp-block-column is-vertically-aligned-top is-layout-flow wp-container-core-column-is-layout-6b73ce23 wp-block-column-is-layout-flow\">\n<figure class=\"wp-block-image aligncenter size-full is-resized is-style-rounded\"><a href=\"https:\/\/wordpress.awh-recht.de\/?page_id=246\"><img loading=\"lazy\" decoding=\"async\" width=\"169\" height=\"163\" src=\"https:\/\/wordpress.awh-recht.de\/wp-content\/uploads\/2025\/07\/Mietproblem-edited.png\" alt=\"\" class=\"wp-image-76\" style=\"width:175px\"\/><\/a><\/figure>\n\n\n\n<hr class=\"wp-block-separator has-text-color has-ast-global-color-2-color has-alpha-channel-opacity has-ast-global-color-2-background-color has-background is-style-default\" style=\"margin-top:var(--wp--preset--spacing--50);margin-bottom:0\"\/>\n\n\n\n<h2 class=\"wp-block-heading has-text-align-center\" style=\"margin-top:16px\"><a href=\"https:\/\/wordpress.awh-recht.de\/?page_id=246\" data-type=\"page\" data-id=\"246\">Miete<\/a><\/h2>\n<\/div>\n\n\n\n<div class=\"wp-block-column is-vertically-aligned-top is-layout-flow wp-container-core-column-is-layout-6b73ce23 wp-block-column-is-layout-flow\">\n<figure class=\"wp-block-image aligncenter size-full is-resized is-style-rounded\"><a href=\"https:\/\/wordpress.awh-recht.de\/?page_id=248\"><img loading=\"lazy\" decoding=\"async\" width=\"165\" height=\"160\" src=\"https:\/\/wordpress.awh-recht.de\/wp-content\/uploads\/2025\/07\/Unfall-edited-1.png\" alt=\"\" class=\"wp-image-80\" style=\"width:175px\"\/><\/a><\/figure>\n\n\n\n<hr class=\"wp-block-separator has-text-color has-ast-global-color-2-color has-alpha-channel-opacity has-ast-global-color-2-background-color has-background is-style-default\" style=\"margin-top:var(--wp--preset--spacing--50);margin-bottom:0\"\/>\n\n\n\n<h2 class=\"wp-block-heading has-text-align-center\" style=\"margin-top:16px\"><a href=\"https:\/\/wordpress.awh-recht.de\/?page_id=248\" data-type=\"page\" data-id=\"248\">Unfall<\/a><\/h2>\n<\/div>\n<\/div>\n\n\n\n<h2 class=\"wp-block-heading has-text-align-center\" style=\"border-top-color:var(--wp--preset--color--ast-global-color-1);border-top-width:30px;border-right-style:none;border-right-width:0px;border-bottom-style:none;border-bottom-width:0px;border-left-style:none;border-left-width:0px\">Ihr Anliegen ist uns wichtig!<\/h2>\n\n\n\n<p class=\"has-medium-font-size\"\n   style=\"border-right-color:var(--wp--preset--color--ast-global-color-1);\n          border-right-width:20px;\n          border-right-style:solid;\n          text-align:justify;\">\n  Wir bieten Ihnen die M\u00f6glichkeit, Beratungen und Interessenvertretungen per \n  <a href=\"mailto:info@awh-recht.de\">Email<\/a> und \n  <a href=\"tel:0049262290870\">telefonisch<\/a> sowie mittels Videosprechstunde vorzunehmen. \n  Unterlagen, die f\u00fcr die Beratung und Interessenvertretung notwendig sind, reichen Sie bitte per Email ein. \n  Rufen Sie uns an, wir finden einen f\u00fcr Sie idealen Weg der Interessenvertretung \u2013 schnell und unkompliziert!\n<\/p>\n\n\n\n\n<h2 class=\"wp-block-heading has-text-align-center\" style=\"border-top-color:var(--wp--preset--color--ast-global-color-1);border-top-width:30px;border-right-style:none;border-right-width:0px;border-bottom-style:none;border-bottom-width:0px;border-left-style:none;border-left-width:0px\">Termin vereinbaren: <br>Montag bis Donnerstag von 07:00 Uhr bis 16:00 Uhr <br><a href=\"tel:0262290870\" data-type=\"tel\" data-id=\"tel:0262290870\">02622 \/ 90 87 &#8211; 0<\/a><\/h2>\n\n\n\n<div style=\"height:1px\" aria-hidden=\"true\" id=\"hoerstel\" class=\"wp-block-spacer\"><\/div>\n\n\n\n<div class=\"wp-block-columns alignwide are-vertically-aligned-bottom is-layout-flex wp-container-core-columns-is-layout-9c22b1e3 wp-block-columns-is-layout-flex\" style=\"border-style:none;border-width:0px\">\n<div class=\"wp-block-column is-vertically-aligned-bottom is-layout-flow wp-block-column-is-layout-flow\">\n<figure class=\"wp-block-image size-full is-resized has-custom-border is-style-rounded wp-duotone-unset-2\" style=\"margin-top:0;margin-bottom:0\"><img loading=\"lazy\" decoding=\"async\" width=\"444\" height=\"391\" src=\"https:\/\/wordpress.awh-recht.de\/wp-content\/uploads\/2025\/07\/Horstel.png\" alt=\"\" class=\"wp-image-83\" style=\"border-style:none;border-width:0px;border-radius:0px;width:508px;height:auto\" srcset=\"https:\/\/awh-recht.de\/wp-content\/uploads\/2025\/07\/Horstel.png 444w, https:\/\/awh-recht.de\/wp-content\/uploads\/2025\/07\/Horstel-300x264.png 300w\" sizes=\"auto, (max-width: 444px) 100vw, 444px\" \/><\/figure>\n\n\n\n<hr class=\"wp-block-separator has-text-color has-ast-global-color-2-color has-alpha-channel-opacity has-ast-global-color-2-background-color has-background is-style-wide\" style=\"margin-top:0;margin-bottom:0px\"\/>\n<\/div>\n\n\n\n<div class=\"wp-block-column is-vertically-aligned-bottom is-layout-constrained wp-container-core-column-is-layout-12243e0f wp-block-column-is-layout-constrained\" id=\"hoerstel\">\n<h2 class=\"wp-block-heading\" style=\"padding-right:40px\">Kristian H\u00f6rstel<\/h2>\n\n\n\n<hr class=\"wp-block-separator has-text-color has-ast-global-color-2-color has-alpha-channel-opacity has-ast-global-color-2-background-color has-background is-style-wide\" style=\"margin-top:0;margin-bottom:0px\"\/>\n\n\n\n<p class=\"has-medium-font-size\">Rechtsanwalt (seit 2000)<\/p>\n\n\n\n<p class=\"has-medium-font-size\"><br>Fachanwalt f\u00fcr Mietrecht<br>Fachanwalt f\u00fcr Verkehrsrecht<br>Fachanwalt f\u00fcr Familienrecht<br><\/p>\n\n\n\n<hr class=\"wp-block-separator has-text-color has-ast-global-color-2-color has-alpha-channel-opacity has-ast-global-color-2-background-color has-background is-style-wide\" style=\"margin-top:0;margin-bottom:0\"\/>\n<\/div>\n<\/div>\n\n\n\n<p><\/p>\n","protected":false},"excerpt":{"rendered":"<p>Scheidung Miete Unfall Ihr Anliegen ist uns wichtig! Wir bieten Ihnen die M\u00f6glichkeit, Beratungen und Interessenvertretungen per Email und telefonisch [&hellip;]<\/p>\n","protected":false},"author":1,"featured_media":0,"parent":0,"menu_order":0,"comment_status":"closed","ping_status":"closed","template":"","meta":{"_uag_custom_page_level_css":"","site-sidebar-layout":"no-sidebar","site-content-layout":"plain-container","ast-site-content-layout":"normal-width-container","site-content-style":"unboxed","site-sidebar-style":"unboxed","ast-global-header-display":"","ast-banner-title-visibility":"","ast-main-header-display":"","ast-hfb-above-header-display":"","ast-hfb-below-header-display":"","ast-hfb-mobile-header-display":"","site-post-title":"disabled","ast-breadcrumbs-content":"","ast-featured-img":"","footer-sml-layout":"","ast-disable-related-posts":"","theme-transparent-header-meta":"enabled","adv-header-id-meta":"","stick-header-meta":"","header-above-stick-meta":"","header-main-stick-meta":"","header-below-stick-meta":"","astra-migrate-meta-layouts":"default","ast-page-background-enabled":"default","ast-page-background-meta":{"desktop":{"background-color":"var(--ast-global-color-5)","background-image":"","background-repeat":"repeat","background-position":"center center","background-size":"auto","background-attachment":"scroll","background-type":"","background-media":"","overlay-type":"","overlay-color":"","overlay-opacity":"","overlay-gradient":""},"tablet":{"background-color":"","background-image":"","background-repeat":"repeat","background-position":"center center","background-size":"auto","background-attachment":"scroll","background-type":"","background-media":"","overlay-type":"","overlay-color":"","overlay-opacity":"","overlay-gradient":""},"mobile":{"background-color":"","background-image":"","background-repeat":"repeat","background-position":"center center","background-size":"auto","background-attachment":"scroll","background-type":"","background-media":"","overlay-type":"","overlay-color":"","overlay-opacity":"","overlay-gradient":""}},"ast-content-background-meta":{"desktop":{"background-color":"var(--ast-global-color-4)","background-image":"","background-repeat":"repeat","background-position":"center center","background-size":"auto","background-attachment":"scroll","background-type":"","background-media":"","overlay-type":"","overlay-color":"","overlay-opacity":"","overlay-gradient":""},"tablet":{"background-color":"var(--ast-global-color-4)","background-image":"","background-repeat":"repeat","background-position":"center center","background-size":"auto","background-attachment":"scroll","background-type":"","background-media":"","overlay-type":"","overlay-color":"","overlay-opacity":"","overlay-gradient":""},"mobile":{"background-color":"var(--ast-global-color-4)","background-image":"","background-repeat":"repeat","background-position":"center center","background-size":"auto","background-attachment":"scroll","background-type":"","background-media":"","overlay-type":"","overlay-color":"","overlay-opacity":"","overlay-gradient":""}},"footnotes":""},"class_list":["post-7","page","type-page","status-publish","hentry"],"uagb_featured_image_src":{"full":false,"thumbnail":false,"medium":false,"medium_large":false,"large":false,"1536x1536":false,"2048x2048":false},"uagb_author_info":{"display_name":"admin","author_link":"https:\/\/awh-recht.de\/?author=1"},"uagb_comment_info":0,"uagb_excerpt":"Scheidung Miete Unfall Ihr Anliegen ist uns wichtig! Wir bieten Ihnen die M\u00f6glichkeit, Beratungen und Interessenvertretungen per Email und telefonisch [&hellip;]","_links":{"self":[{"href":"https:\/\/awh-recht.de\/index.php?rest_route=\/wp\/v2\/pages\/7","targetHints":{"allow":["GET"]}}],"collection":[{"href":"https:\/\/awh-recht.de\/index.php?rest_route=\/wp\/v2\/pages"}],"about":[{"href":"https:\/\/awh-recht.de\/index.php?rest_route=\/wp\/v2\/types\/page"}],"author":[{"embeddable":true,"href":"https:\/\/awh-recht.de\/index.php?rest_route=\/wp\/v2\/users\/1"}],"replies":[{"embeddable":true,"href":"https:\/\/awh-recht.de\/index.php?rest_route=%2Fwp%2Fv2%2Fcomments&post=7"}],"version-history":[{"count":77,"href":"https:\/\/awh-recht.de\/index.php?rest_route=\/wp\/v2\/pages\/7\/revisions"}],"predecessor-version":[{"id":493,"href":"https:\/\/awh-recht.de\/index.php?rest_route=\/wp\/v2\/pages\/7\/revisions\/493"}],"wp:attachment":[{"href":"https:\/\/awh-recht.de\/index.php?rest_route=%2Fwp%2Fv2%2Fmedia&parent=7"}],"curies":[{"name":"wp","href":"https:\/\/api.w.org\/{rel}","templated":true}]}}